{"id":4923,"date":"2025-03-12T12:01:19","date_gmt":"2025-03-12T10:01:19","guid":{"rendered":"https:\/\/jouninkauppa.com\/?page_id=4923"},"modified":"2025-03-18T15:21:49","modified_gmt":"2025-03-18T13:21:49","slug":"villa-vuollo","status":"publish","type":"page","link":"https:\/\/jouninkauppa.com\/en\/villa-vuollo\/","title":{"rendered":"Villa Vuollo - holiday cottage in \u00c4k\u00e4slompolo"},"content":{"rendered":"\t\t<div data-elementor-type=\"wp-page\" data-elementor-id=\"4923\" class=\"elementor elementor-4923\" data-elementor-post-type=\"page\">\n\t\t\t\t\t\t<section data-particle_enable=\"false\" data-particle-mobile-disabled=\"false\" class=\"elementor-section elementor-top-section elementor-element elementor-element-2cd39425 elementor-section-height-min-height elementor-section-items-bottom elementor-section-stretched elementor-section-boxed elementor-section-height-default\" data-id=\"2cd39425\" data-element_type=\"section\" data-e-type=\"section\" id=\"hero_osio\" data-settings=\"{&quot;background_background&quot;:&quot;slideshow&quot;,&quot;stretch_section&quot;:&quot;section-stretched&quot;,&quot;background_slideshow_gallery&quot;:[{&quot;id&quot;:4935,&quot;url&quot;:&quot;https:\\\/\\\/jouninkauppa.com\\\/wp-content\\\/uploads\\\/2025\\\/03\\\/Villa-Vuollo-Ahmakoantie__-01-medium.jpg&quot;},{&quot;id&quot;:4936,&quot;url&quot;:&quot;https:\\\/\\\/jouninkauppa.com\\\/wp-content\\\/uploads\\\/2025\\\/03\\\/Villa-Vuollo-Ahmakoantie__-09-medium.jpg&quot;},{&quot;id&quot;:4937,&quot;url&quot;:&quot;https:\\\/\\\/jouninkauppa.com\\\/wp-content\\\/uploads\\\/2025\\\/03\\\/Villa-Vuollo-Ahmakoantie__-17-medium.jpg&quot;},{&quot;id&quot;:4938,&quot;url&quot;:&quot;https:\\\/\\\/jouninkauppa.com\\\/wp-content\\\/uploads\\\/2025\\\/03\\\/Villa-Vuollo-Ahmakoantie__-23-medium.jpg&quot;}],&quot;background_slideshow_lazyload&quot;:&quot;yes&quot;,&quot;background_slideshow_loop&quot;:&quot;yes&quot;,&quot;background_slideshow_slide_duration&quot;:5000,&quot;background_slideshow_slide_transition&quot;:&quot;fade&quot;,&quot;background_slideshow_transition_duration&quot;:500}\">\n\t\t\t\t\t\t\t<div class=\"elementor-background-overlay\"><\/div>\n\t\t\t\t\t\t\t<div class=\"elementor-container elementor-column-gap-no\">\n\t\t\t\t\t<div class=\"elementor-column elementor-col-100 elementor-top-column elementor-element elementor-element-6173183a\" data-id=\"6173183a\" data-element_type=\"column\" data-e-type=\"column\">\n\t\t\t<div class=\"elementor-widget-wrap\">\n\t\t\t\t\t\t\t<\/div>\n\t\t<\/div>\n\t\t\t\t\t<\/div>\n\t\t<\/section>\n\t\t\t\t<section data-particle_enable=\"false\" data-particle-mobile-disabled=\"false\" class=\"elementor-section elementor-top-section elementor-element elementor-element-bded47f elementor-section-boxed elementor-section-height-default elementor-section-height-default\" data-id=\"bded47f\" data-element_type=\"section\" data-e-type=\"section\">\n\t\t\t\t\t\t<div class=\"elementor-container elementor-column-gap-default\">\n\t\t\t\t\t<div class=\"elementor-column elementor-col-100 elementor-top-column elementor-element elementor-element-63110e1\" data-id=\"63110e1\" data-element_type=\"column\" data-e-type=\"column\">\n\t\t\t<div class=\"elementor-widget-wrap elementor-element-populated\">\n\t\t\t\t\t\t<div class=\"elementor-element elementor-element-7c43a18 elementor-widget elementor-widget-heading\" data-id=\"7c43a18\" data-element_type=\"widget\" data-e-type=\"widget\" data-widget_type=\"heading.default\">\n\t\t\t\t<div class=\"elementor-widget-container\">\n\t\t\t\t\t<h1 class=\"elementor-heading-title elementor-size-default\">Villa Vuollo<\/h1>\t\t\t\t<\/div>\n\t\t\t\t<\/div>\n\t\t\t\t<div class=\"elementor-element elementor-element-9d1300c elementor-widget elementor-widget-heading\" data-id=\"9d1300c\" data-element_type=\"widget\" data-e-type=\"widget\" data-widget_type=\"heading.default\">\n\t\t\t\t<div class=\"elementor-widget-container\">\n\t\t\t\t\t<h2 class=\"elementor-heading-title elementor-size-default\">Varaa Villa Vuollo ja koe unohtumaton loma Yll\u00e4ksen luonnon keskell\u00e4!<\/h2>\t\t\t\t<\/div>\n\t\t\t\t<\/div>\n\t\t\t\t<div class=\"elementor-element elementor-element-f28531c elementor-widget elementor-widget-shortcode\" data-id=\"f28531c\" data-element_type=\"widget\" data-e-type=\"widget\" data-widget_type=\"shortcode.default\">\n\t\t\t\t<div class=\"elementor-widget-container\">\n\t\t\t\t\t\t\t<div class=\"elementor-shortcode\"><!-- BEGIN Moder Booking Widget -->\n<div id=\"moder-embed\"><\/div>\n<script>\n    var ModerSettings = {\n        property: 'vuollo-ja-pojat-oy',\n        roomTypeId: 5982,\n        language: 'fi'\n    }\n<\/script>\n<script src=\"https:\/\/moder-embeds-dev.s3.eu-north-1.amazonaws.com\/bundle.js\" defer><\/script>\n<!-- END Moder Booking Widget -->\n<\/div>\n\t\t\t\t\t\t<\/div>\n\t\t\t\t<\/div>\n\t\t\t\t<section data-particle_enable=\"false\" data-particle-mobile-disabled=\"false\" class=\"elementor-section elementor-inner-section elementor-element elementor-element-056dd00 elementor-section-boxed elementor-section-height-default elementor-section-height-default\" data-id=\"056dd00\" data-element_type=\"section\" data-e-type=\"section\">\n\t\t\t\t\t\t<div class=\"elementor-container elementor-column-gap-default\">\n\t\t\t\t\t<div class=\"elementor-column elementor-col-100 elementor-inner-column elementor-element elementor-element-1210762\" data-id=\"1210762\" data-element_type=\"column\" data-e-type=\"column\">\n\t\t\t<div class=\"elementor-widget-wrap elementor-element-populated\">\n\t\t\t\t\t\t<div class=\"elementor-element elementor-element-1cadc74 elementor-widget elementor-widget-text-editor\" data-id=\"1cadc74\" data-element_type=\"widget\" data-e-type=\"widget\" data-widget_type=\"text-editor.default\">\n\t\t\t\t<div class=\"elementor-widget-container\">\n\t\t\t\t\t\t\t\t\t<table><thead><\/thead><tbody><tr><td style=\"text-align: right;\"><strong>Pinta-ala<\/strong><\/td><td>52 m\u00b2<\/td><\/tr><tr><td style=\"text-align: right;\"><strong>Henkil\u00f6m\u00e4\u00e4r\u00e4<\/strong><\/td><td>1 &#8211; 6 hl\u00f6<\/td><\/tr><tr><td style=\"text-align: right;\"><strong>Vuoteet<\/strong><\/td><td>Makuuhuoneita x 2<\/td><\/tr><tr><td>\u00a0<\/td><td>Vuoteita x 4<\/td><\/tr><tr><td>\u00a0<\/td><td>Lis\u00e4vuoteita x 2<\/td><\/tr><tr><td style=\"text-align: right;\"><strong>Kylpyhuoneet<\/strong><\/td><td>Kylpyhuoneita x 1<\/td><\/tr><tr><td>\u00a0<\/td><td>WC x 1<\/td><\/tr><tr><td style=\"text-align: right;\"><strong>Lemmikit<\/strong><\/td><td>Ei sallittu<\/td><\/tr><\/tbody><\/table>\t\t\t\t\t\t\t\t<\/div>\n\t\t\t\t<\/div>\n\t\t\t\t\t<\/div>\n\t\t<\/div>\n\t\t\t\t\t<\/div>\n\t\t<\/section>\n\t\t\t\t<div class=\"elementor-element elementor-element-fee09f9 elementor-invisible elementor-widget elementor-widget-eael-creative-button\" data-id=\"fee09f9\" data-element_type=\"widget\" data-e-type=\"widget\" data-settings=\"{&quot;_animation&quot;:&quot;fadeInUp&quot;}\" data-widget_type=\"eael-creative-button.default\">\n\t\t\t\t<div class=\"elementor-widget-container\">\n\t\t\t\t\t        <div class=\"eael-creative-button-wrapper\">\n\n            <a class=\"eael-creative-button eael-creative-button--wayra\" href=\"https:\/\/app.moder.fi\/vuollo-ja-pojat-oy?lang=fi\" data-text=\"Go!\" target=\"_blank\" rel=\"noopener\">\n            \t    \n                <div class=\"creative-button-inner\">\n\n                    \n                    <span class=\"cretive-button-text\">Lue lis\u00e4\u00e4<\/span>\n\n                                    <\/div>\n\t                        <\/a>\n        <\/div>\n        \t\t\t\t<\/div>\n\t\t\t\t<\/div>\n\t\t\t\t\t<\/div>\n\t\t<\/div>\n\t\t\t\t\t<\/div>\n\t\t<\/section>\n\t\t\t\t<section data-particle_enable=\"false\" data-particle-mobile-disabled=\"false\" class=\"elementor-section elementor-top-section elementor-element elementor-element-9757b5f elementor-section-boxed elementor-section-height-default elementor-section-height-default\" data-id=\"9757b5f\" data-element_type=\"section\" data-e-type=\"section\">\n\t\t\t\t\t\t<div class=\"elementor-container elementor-column-gap-default\">\n\t\t\t\t\t<div class=\"elementor-column elementor-col-100 elementor-top-column elementor-element elementor-element-37698e8\" data-id=\"37698e8\" data-element_type=\"column\" data-e-type=\"column\">\n\t\t\t<div class=\"elementor-widget-wrap elementor-element-populated\">\n\t\t\t\t\t\t<div class=\"elementor-element elementor-element-4e45fb5 elementor-widget elementor-widget-heading\" data-id=\"4e45fb5\" data-element_type=\"widget\" data-e-type=\"widget\" data-widget_type=\"heading.default\">\n\t\t\t\t<div class=\"elementor-widget-container\">\n\t\t\t\t\t<h2 class=\"elementor-heading-title elementor-size-default\">Villa Vuollo \u2013 viihtyis\u00e4 lomam\u00f6kki \u00c4k\u00e4slompolossa, Yll\u00e4ksen syd\u00e4mess\u00e4<\/h2>\t\t\t\t<\/div>\n\t\t\t\t<\/div>\n\t\t\t\t<div class=\"elementor-element elementor-element-c7bcc1a elementor-widget elementor-widget-text-editor\" data-id=\"c7bcc1a\" data-element_type=\"widget\" data-e-type=\"widget\" data-widget_type=\"text-editor.default\">\n\t\t\t\t<div class=\"elementor-widget-container\">\n\t\t\t\t\t\t\t\t\t<p data-start=\"165\" data-end=\"533\">Villa Vuollo on <strong data-start=\"181\" data-end=\"237\">moderni ja hyvin varusteltu lomam\u00f6kki \u00c4k\u00e4slompolossa<\/strong>, joka tarjoaa viihtyis\u00e4n ja rauhallisen majoituksen jopa kuudelle hengelle. T\u00e4m\u00e4 <strong data-start=\"319\" data-end=\"345\">vuokram\u00f6kki Yll\u00e4ksell\u00e4<\/strong> sijaitsee erinomaisella paikalla, aivan <strong>\u00c4k\u00e4slompolon keskustassa<\/strong>, mik\u00e4 takaa helpon p\u00e4\u00e4syn alueen palveluihin, kuten ravintoloihin, kahviloihin, erikoisliikkeisiin ja vuokrauspalveluihin.<\/p><p data-start=\"535\" data-end=\"864\"><strong data-start=\"535\" data-end=\"616\">Yll\u00e4ksen upea luonto, talviurheilumahdollisuudet ja monipuoliset aktiviteetit<\/strong> ovat aivan m\u00f6kin l\u00e4heisyydess\u00e4, joten lomasi voi olla juuri niin aktiivinen tai rentouttava kuin haluat. Villa Vuollo sopii t\u00e4ydellisesti niin perheille, pariskunnille kuin kaveriporukoille, jotka haluavat nauttia Lapin tunnelmasta ja luonnosta.<\/p>\t\t\t\t\t\t\t\t<\/div>\n\t\t\t\t<\/div>\n\t\t\t\t<div class=\"elementor-element elementor-element-bf8564f elementor-widget elementor-widget-heading\" data-id=\"bf8564f\" data-element_type=\"widget\" data-e-type=\"widget\" data-widget_type=\"heading.default\">\n\t\t\t\t<div class=\"elementor-widget-container\">\n\t\t\t\t\t<h2 class=\"elementor-heading-title elementor-size-default\">T\u00e4ydellisesti varusteltu m\u00f6kki mukavaan lomailuun<\/h2>\t\t\t\t<\/div>\n\t\t\t\t<\/div>\n\t\t\t\t<div class=\"elementor-element elementor-element-441682d elementor-widget elementor-widget-text-editor\" data-id=\"441682d\" data-element_type=\"widget\" data-e-type=\"widget\" data-widget_type=\"text-editor.default\">\n\t\t\t\t<div class=\"elementor-widget-container\">\n\t\t\t\t\t\t\t\t\t<p data-start=\"926\" data-end=\"1248\">M\u00f6kin <strong data-start=\"932\" data-end=\"941\">52 m\u00b2<\/strong> tilat on suunniteltu tarjoamaan mahdollisimman mukava ja huoleton lomakokemus. Kaksi viihtyis\u00e4\u00e4 <strong data-start=\"1038\" data-end=\"1055\">makuuhuonetta<\/strong>, joissa on yhteens\u00e4 <strong data-start=\"1076\" data-end=\"1106\">nelj\u00e4 mukavaa vuodepaikkaa<\/strong>, takaavat hyv\u00e4t y\u00f6unet. Lis\u00e4ksi olohuoneen vuodesohvasta saa lis\u00e4vuoteet kahdelle, joten majoitustilaa riitt\u00e4\u00e4 my\u00f6s suuremmalle seurueelle.<\/p>\n<p data-start=\"1250\" data-end=\"1499\"><strong data-start=\"1250\" data-end=\"1279\">T\u00e4ysin varusteltu keitti\u00f6<\/strong> mahdollistaa omatoimisen ruoanlaiton. Keitti\u00f6st\u00e4 l\u00f6ytyy mm. liesi, uuni, j\u00e4\u00e4kaappi, pakastin, astianpesukone, mikroaaltouuni, kahvinkeitin, vedenkeitin ja ruokailuv\u00e4lineet. N\u00e4in voit kokata lempiruokiasi my\u00f6s lomalla.<\/p>\n<p data-start=\"1501\" data-end=\"1806\">Lomam\u00f6kin kruunaa <strong data-start=\"1519\" data-end=\"1532\">oma sauna<\/strong>, jossa voit rentoutua pitk\u00e4n ulkoilup\u00e4iv\u00e4n j\u00e4lkeen. Lis\u00e4ksi m\u00f6kiss\u00e4 on <strong data-start=\"1604\" data-end=\"1613\">takka<\/strong>, joka luo l\u00e4mp\u00f6\u00e4 ja tunnelmaa talvi-iltoihin. Majoittujien k\u00e4yt\u00f6ss\u00e4 on my\u00f6s <strong data-start=\"1690\" data-end=\"1740\">pesukone, kuivauskaappi ja hyv\u00e4t s\u00e4ilytystilat<\/strong>, joten pitempik\u00e4\u00e4n loma ei aiheuta huolta varusteiden hoidosta.<\/p>\n<p data-start=\"1808\" data-end=\"2182\">Villa Vuollo on varustettu <strong data-start=\"1835\" data-end=\"1864\">nopealla Wi-Fi-yhteydell\u00e4<\/strong> ja Chromecastilla, joten voit katsella omia suosikkiohjelmiasi suoratoistopalveluista. Lis\u00e4ksi m\u00f6kist\u00e4 l\u00f6ytyy <strong data-start=\"1975\" data-end=\"1996\">erillinen ty\u00f6tila<\/strong>, joka mahdollistaa et\u00e4ty\u00f6skentelyn luonnonl\u00e4heisess\u00e4 ymp\u00e4rist\u00f6ss\u00e4. <strong data-start=\"2064\" data-end=\"2113\">Liinavaatteet ja pyyhkeet sis\u00e4ltyv\u00e4t vuokraan<\/strong>, joten voit matkustaa huolettomasti ilman ylim\u00e4\u00e4r\u00e4isi\u00e4 varusteita.<\/p>\t\t\t\t\t\t\t\t<\/div>\n\t\t\t\t<\/div>\n\t\t\t\t<div class=\"elementor-element elementor-element-a475cb6 elementor-widget elementor-widget-heading\" data-id=\"a475cb6\" data-element_type=\"widget\" data-e-type=\"widget\" data-widget_type=\"heading.default\">\n\t\t\t\t<div class=\"elementor-widget-container\">\n\t\t\t\t\t<h2 class=\"elementor-heading-title elementor-size-default\">Lomam\u00f6kki Yll\u00e4ksen parhaiden aktiviteettien \u00e4\u00e4rell\u00e4<\/h2>\t\t\t\t<\/div>\n\t\t\t\t<\/div>\n\t\t\t\t<div class=\"elementor-element elementor-element-2e51d8d elementor-widget elementor-widget-text-editor\" data-id=\"2e51d8d\" data-element_type=\"widget\" data-e-type=\"widget\" data-widget_type=\"text-editor.default\">\n\t\t\t\t<div class=\"elementor-widget-container\">\n\t\t\t\t\t\t\t\t\t<p data-start=\"2246\" data-end=\"2605\">Villa Vuollo tarjoaa loistavan tukikohdan niin talvi- kuin kes\u00e4lomailijoille. <strong data-start=\"2324\" data-end=\"2389\">Yll\u00e4s on tunnettu erinomaisista talviurheilumahdollisuuksista<\/strong>, ja m\u00f6kilt\u00e4 on helppo p\u00e4\u00e4sy <strong data-start=\"2418\" data-end=\"2484\">hiihtoladuille, laskettelurinteille ja moottorikelkkareiteille<\/strong>. \u00c4k\u00e4slompolon kyl\u00e4 on erityisen suosittu hiiht\u00e4jien keskuudessa, ja l\u00e4himm\u00e4t ladut kulkevat aivan m\u00f6kin l\u00e4heisyydess\u00e4.<\/p><p data-start=\"2607\" data-end=\"2958\">Kes\u00e4ll\u00e4 Yll\u00e4ksen alue houkuttelee <strong data-start=\"2641\" data-end=\"2702\">patikointiin, maastopy\u00f6r\u00e4ilyyn, kalastukseen ja melontaan<\/strong>. Voit tutustua upeisiin maisemiin <strong data-start=\"2737\" data-end=\"2766\">Yll\u00e4ksen kansallispuiston<\/strong> reiteill\u00e4, joissa voit kokea Lapin luonnon kauneuden ja rauhan. Alueella j\u00e4rjestet\u00e4\u00e4n my\u00f6s husky- ja porosafareita, revontuliretki\u00e4 ja kalastusretki\u00e4, joten tekemist\u00e4 riitt\u00e4\u00e4 ymp\u00e4ri vuoden.<\/p><p data-start=\"2960\" data-end=\"3203\">\u00c4k\u00e4slompolon palvelut ovat vain k\u00e4velymatkan p\u00e4\u00e4ss\u00e4, ja Jounin Kauppa tarjoaa kaiken tarvittavan lomasi aikana. Alueella on my\u00f6s useita ravintoloita ja kahviloita, joissa voit nauttia paikallisista herkuista ja tunnelmallisesta ilmapiirist\u00e4.<\/p>\t\t\t\t\t\t\t\t<\/div>\n\t\t\t\t<\/div>\n\t\t\t\t<div class=\"elementor-element elementor-element-1f149a7 elementor-widget elementor-widget-text-editor\" data-id=\"1f149a7\" data-element_type=\"widget\" data-e-type=\"widget\" data-widget_type=\"text-editor.default\">\n\t\t\t\t<div class=\"elementor-widget-container\">\n\t\t\t\t\t\t\t\t\t<p>Villa Vuollo on t\u00e4ydellinen valinta, kun etsit <strong data-start=\"3333\" data-end=\"3391\">mukavaa ja hyvin varusteltua lomam\u00f6kki\u00e4 \u00c4k\u00e4slompolossa<\/strong>. Olitpa sitten talven hiihtoladuille suuntaava urheilija, kes\u00e4n vaellusretkist\u00e4 nauttiva luonnonyst\u00e4v\u00e4 tai vain rauhaa kaipaava lomalainen, t\u00e4m\u00e4 m\u00f6kki tarjoaa kaiken tarvitsemasi.<\/p>\t\t\t\t\t\t\t\t<\/div>\n\t\t\t\t<\/div>\n\t\t\t\t\t<\/div>\n\t\t<\/div>\n\t\t\t\t\t<\/div>\n\t\t<\/section>\n\t\t\t\t<\/div>\n\t\t","protected":false},"excerpt":{"rendered":"<p>Villa Vuollo Varaa Villa Vuollo ja koe unohtumaton loma Yll\u00e4ksen luonnon keskell\u00e4! Pinta-ala 52 m\u00b2 Henkil\u00f6m\u00e4\u00e4r\u00e4 1 &#8211; 6 hl\u00f6 Vuoteet Makuuhuoneita x 2 \u00a0 Vuoteita x 4 \u00a0 Lis\u00e4vuoteita x 2 Kylpyhuoneet Kylpyhuoneita x 1 \u00a0 WC x 1 Lemmikit Ei sallittu Lue lis\u00e4\u00e4 Villa Vuollo \u2013 viihtyis\u00e4 lomam\u00f6kki \u00c4k\u00e4slompolossa, Yll\u00e4ksen syd\u00e4mess\u00e4 Villa Vuollo [&hellip;]<\/p>\n","protected":false},"author":1,"featured_media":0,"parent":0,"menu_order":0,"comment_status":"closed","ping_status":"closed","template":"","meta":{"ocean_post_layout":"","ocean_both_sidebars_style":"","ocean_both_sidebars_content_width":0,"ocean_both_sidebars_sidebars_width":0,"ocean_sidebar":"0","ocean_second_sidebar":"0","ocean_disable_margins":"enable","ocean_add_body_class":"","ocean_shortcode_before_top_bar":"","ocean_shortcode_after_top_bar":"","ocean_shortcode_before_header":"","ocean_shortcode_after_header":"","ocean_has_shortcode":"","ocean_shortcode_after_title":"","ocean_shortcode_before_footer_widgets":"","ocean_shortcode_after_footer_widgets":"","ocean_shortcode_before_footer_bottom":"","ocean_shortcode_after_footer_bottom":"","ocean_display_top_bar":"default","ocean_display_header":"default","ocean_header_style":"","ocean_center_header_left_menu":"0","ocean_custom_header_template":"0","ocean_custom_logo":0,"ocean_custom_retina_logo":0,"ocean_custom_logo_max_width":0,"ocean_custom_logo_tablet_max_width":0,"ocean_custom_logo_mobile_max_width":0,"ocean_custom_logo_max_height":0,"ocean_custom_logo_tablet_max_height":0,"ocean_custom_logo_mobile_max_height":0,"ocean_header_custom_menu":"0","ocean_menu_typo_font_family":"0","ocean_menu_typo_font_subset":"","ocean_menu_typo_font_size":0,"ocean_menu_typo_font_size_tablet":0,"ocean_menu_typo_font_size_mobile":0,"ocean_menu_typo_font_size_unit":"px","ocean_menu_typo_font_weight":"","ocean_menu_typo_font_weight_tablet":"","ocean_menu_typo_font_weight_mobile":"","ocean_menu_typo_transform":"","ocean_menu_typo_transform_tablet":"","ocean_menu_typo_transform_mobile":"","ocean_menu_typo_line_height":0,"ocean_menu_typo_line_height_tablet":0,"ocean_menu_typo_line_height_mobile":0,"ocean_menu_typo_line_height_unit":"","ocean_menu_typo_spacing":0,"ocean_menu_typo_spacing_tablet":0,"ocean_menu_typo_spacing_mobile":0,"ocean_menu_typo_spacing_unit":"","ocean_menu_link_color":"","ocean_menu_link_color_hover":"","ocean_menu_link_color_active":"","ocean_menu_link_background":"","ocean_menu_link_hover_background":"","ocean_menu_link_active_background":"","ocean_menu_social_links_bg":"","ocean_menu_social_hover_links_bg":"","ocean_menu_social_links_color":"","ocean_menu_social_hover_links_color":"","ocean_disable_title":"default","ocean_disable_heading":"default","ocean_post_title":"","ocean_post_subheading":"","ocean_post_title_style":"","ocean_post_title_background_color":"","ocean_post_title_background":0,"ocean_post_title_bg_image_position":"","ocean_post_title_bg_image_attachment":"","ocean_post_title_bg_image_repeat":"","ocean_post_title_bg_image_size":"","ocean_post_title_height":0,"ocean_post_title_bg_overlay":0.5,"ocean_post_title_bg_overlay_color":"","ocean_disable_breadcrumbs":"default","ocean_breadcrumbs_color":"","ocean_breadcrumbs_separator_color":"","ocean_breadcrumbs_links_color":"","ocean_breadcrumbs_links_hover_color":"","ocean_display_footer_widgets":"default","ocean_display_footer_bottom":"default","ocean_custom_footer_template":"0","footnotes":""},"class_list":["post-4923","page","type-page","status-publish","hentry","entry"],"_links":{"self":[{"href":"https:\/\/jouninkauppa.com\/en\/wp-json\/wp\/v2\/pages\/4923","targetHints":{"allow":["GET"]}}],"collection":[{"href":"https:\/\/jouninkauppa.com\/en\/wp-json\/wp\/v2\/pages"}],"about":[{"href":"https:\/\/jouninkauppa.com\/en\/wp-json\/wp\/v2\/types\/page"}],"author":[{"embeddable":true,"href":"https:\/\/jouninkauppa.com\/en\/wp-json\/wp\/v2\/users\/1"}],"replies":[{"embeddable":true,"href":"https:\/\/jouninkauppa.com\/en\/wp-json\/wp\/v2\/comments?post=4923"}],"version-history":[{"count":57,"href":"https:\/\/jouninkauppa.com\/en\/wp-json\/wp\/v2\/pages\/4923\/revisions"}],"predecessor-version":[{"id":5024,"href":"https:\/\/jouninkauppa.com\/en\/wp-json\/wp\/v2\/pages\/4923\/revisions\/5024"}],"wp:attachment":[{"href":"https:\/\/jouninkauppa.com\/en\/wp-json\/wp\/v2\/media?parent=4923"}],"curies":[{"name":"wp","href":"https:\/\/api.w.org\/{rel}","templated":true}]}}