{"id":480,"date":"2020-06-15T20:34:53","date_gmt":"2020-06-15T17:34:53","guid":{"rendered":"https:\/\/jouninkauppa.com\/?page_id=480"},"modified":"2023-05-02T13:11:29","modified_gmt":"2023-05-02T10:11:29","slug":"kauppakeskus","status":"publish","type":"page","link":"https:\/\/jouninkauppa.com\/en\/kauppakeskus\/","title":{"rendered":"Shopping mall"},"content":{"rendered":"\t\t<div data-elementor-type=\"wp-page\" data-elementor-id=\"480\" class=\"elementor elementor-480\" data-elementor-post-type=\"page\">\n\t\t\t\t\t\t<section data-particle_enable=\"false\" data-particle-mobile-disabled=\"false\" class=\"elementor-section elementor-top-section elementor-element elementor-element-2cd39425 elementor-section-height-min-height elementor-section-items-bottom elementor-section-stretched elementor-section-boxed elementor-section-height-default\" data-id=\"2cd39425\" data-element_type=\"section\" data-e-type=\"section\" id=\"hero_osio\" data-settings=\"{&quot;background_background&quot;:&quot;video&quot;,&quot;stretch_section&quot;:&quot;section-stretched&quot;,&quot;background_video_link&quot;:&quot;https:\\\/\\\/jouninkauppa.com\\\/wp-content\\\/uploads\\\/2020\\\/07\\\/Jounin-kauppakeskus.mp4&quot;,&quot;background_play_on_mobile&quot;:&quot;yes&quot;}\">\n\t\t\t\t\t\t\t\t<div class=\"elementor-background-video-container\">\n\t\t\t\t\t\t\t\t\t\t\t\t\t<video class=\"elementor-background-video-hosted\" role=\"presentation\" autoplay muted playsinline loop><\/video>\n\t\t\t\t\t\t\t\t\t\t\t<\/div>\n\t\t\t\t\t\t\t\t\t<div class=\"elementor-background-overlay\"><\/div>\n\t\t\t\t\t\t\t<div class=\"elementor-container elementor-column-gap-no\">\n\t\t\t\t\t<div class=\"elementor-column elementor-col-100 elementor-top-column elementor-element elementor-element-6173183a\" data-id=\"6173183a\" data-element_type=\"column\" data-e-type=\"column\">\n\t\t\t<div class=\"elementor-widget-wrap\">\n\t\t\t\t\t\t\t<\/div>\n\t\t<\/div>\n\t\t\t\t\t<\/div>\n\t\t<\/section>\n\t\t\t\t<section data-particle_enable=\"false\" data-particle-mobile-disabled=\"false\" class=\"elementor-section elementor-top-section elementor-element elementor-element-9757b5f elementor-section-boxed elementor-section-height-default elementor-section-height-default\" data-id=\"9757b5f\" data-element_type=\"section\" data-e-type=\"section\">\n\t\t\t\t\t\t<div class=\"elementor-container elementor-column-gap-default\">\n\t\t\t\t\t<div class=\"elementor-column elementor-col-100 elementor-top-column elementor-element elementor-element-37698e8\" data-id=\"37698e8\" data-element_type=\"column\" data-e-type=\"column\">\n\t\t\t<div class=\"elementor-widget-wrap elementor-element-populated\">\n\t\t\t\t\t\t<div class=\"elementor-element elementor-element-7c43a18 elementor-widget elementor-widget-heading\" data-id=\"7c43a18\" data-element_type=\"widget\" data-e-type=\"widget\" data-widget_type=\"heading.default\">\n\t\t\t\t<div class=\"elementor-widget-container\">\n\t\t\t\t\t<h2 class=\"elementor-heading-title elementor-size-default\">L\u00e4mpim\u00e4sti tervetuloa\nJounin Kauppakeskukseen!<\/h2>\t\t\t\t<\/div>\n\t\t\t\t<\/div>\n\t\t\t\t<div class=\"elementor-element elementor-element-4e45fb5 elementor-widget elementor-widget-heading\" data-id=\"4e45fb5\" data-element_type=\"widget\" data-e-type=\"widget\" data-widget_type=\"heading.default\">\n\t\t\t\t<div class=\"elementor-widget-container\">\n\t\t\t\t\t<div class=\"elementor-heading-title elementor-size-default\">Jounin kauppakeskus palvelee! Kauppakeskuksesta l\u00f6yd\u00e4t keinot herkutteluun ja shoppailuun saman katon alta. Jounin kauppakeskus koostuu kahdesta\np\u00e4\u00e4rakennuksesta, jotka ovat kivenheiton p\u00e4\u00e4ss\u00e4 toisistaan. Jos etsit tietty\u00e4 palveluntarjoajaa, voit klikata logosta p\u00e4\u00e4st\u00e4ksesi\nlukemaan lis\u00e4\u00e4. Tervetuloa viihtym\u00e4\u00e4n ostoksille!<\/div>\t\t\t\t<\/div>\n\t\t\t\t<\/div>\n\t\t\t\t<div class=\"elementor-element elementor-element-8499824 animated-fast elementor-invisible elementor-widget elementor-widget-oew-brands\" data-id=\"8499824\" data-element_type=\"widget\" data-e-type=\"widget\" data-settings=\"{&quot;motion_fx_motion_fx_scrolling&quot;:&quot;yes&quot;,&quot;_animation&quot;:&quot;fadeInUp&quot;,&quot;_animation_mobile&quot;:&quot;fadeInUp&quot;,&quot;_animation_delay&quot;:0,&quot;motion_fx_devices&quot;:[&quot;desktop&quot;,&quot;tablet&quot;,&quot;mobile&quot;]}\" data-widget_type=\"oew-brands.default\">\n\t\t\t\t<div class=\"elementor-widget-container\">\n\t\t\t\t\t\n\t\t<div class=\"oew-brands\">\n\t\t\t<div class=\"oew-brands-list\">\n\n\t\t\t\t\n\t\t\t\t\t<div class=\"oew-brands-item\">\n\t\t\t\t\t\t<a href=\"https:\/\/posti.fi\" target=\"_blank\" rel=\"nofollow noopener\" class=\"oew-brands-link\">\t\t\t\t\t\t\t<div class=\"oew-brands-img\">\n\t\t\t\t\t\t\t\t<img decoding=\"async\" src=\"https:\/\/jouninkauppa.com\/content\/uploads\/2020\/06\/Posti_Group.svg.png\" alt=\"POsti\" title=\"\">\n\t\t\t\t\t\t\t<\/div>\n\t\t\t\t\t\t\t<h5 class=\"oew-brands-name\"><\/h5>\n\t\t\t\t\t\t\t<div class=\"oew-brands-desc\"><\/div>\n\t\t\t\t\t\t\t\t\t\t\t\t\t<\/a>\n\t\t\t\t\t\t\t\t\t\t\t<\/div>\n\n\t\t\t\t\n\t\t\t\t\t<div class=\"oew-brands-item\">\n\t\t\t\t\t\t<a href=\"https:\/\/matkahuolto.fi\" target=\"_blank\" class=\"oew-brands-link\" rel=\"noopener\">\t\t\t\t\t\t\t<div class=\"oew-brands-img\">\n\t\t\t\t\t\t\t\t<img decoding=\"async\" src=\"https:\/\/jouninkauppa.com\/content\/uploads\/2020\/06\/matkahuolto-logo.png\" alt=\"Matkahuolto\" title=\"\">\n\t\t\t\t\t\t\t<\/div>\n\t\t\t\t\t\t\t<h5 class=\"oew-brands-name\"><\/h5>\n\t\t\t\t\t\t\t<div class=\"oew-brands-desc\"><\/div>\n\t\t\t\t\t\t\t\t\t\t\t\t\t<\/a>\n\t\t\t\t\t\t\t\t\t\t\t<\/div>\n\n\t\t\t\t\n\t\t\t\t\t<div class=\"oew-brands-item\">\n\t\t\t\t\t\t<a href=\"https:\/\/veikkaus.fi\" target=\"_blank\" class=\"oew-brands-link\" rel=\"noopener\">\t\t\t\t\t\t\t<div class=\"oew-brands-img\">\n\t\t\t\t\t\t\t\t<img decoding=\"async\" src=\"https:\/\/jouninkauppa.com\/content\/uploads\/2020\/06\/Veikkauksen_logo_2017.svg.png\" alt=\"Veikkaus\" title=\"\">\n\t\t\t\t\t\t\t<\/div>\n\t\t\t\t\t\t\t<h5 class=\"oew-brands-name\"><\/h5>\n\t\t\t\t\t\t\t<div class=\"oew-brands-desc\"><\/div>\n\t\t\t\t\t\t\t\t\t\t\t\t\t<\/a>\n\t\t\t\t\t\t\t\t\t\t\t<\/div>\n\n\t\t\t\t\n\t\t\t\t\t<div class=\"oew-brands-item\">\n\t\t\t\t\t\t<a href=\"https:\/\/sportcorneryllas.fi\" target=\"_blank\" class=\"oew-brands-link\" rel=\"noopener\">\t\t\t\t\t\t\t<div class=\"oew-brands-img\">\n\t\t\t\t\t\t\t\t<img decoding=\"async\" src=\"https:\/\/jouninkauppa.com\/content\/uploads\/2020\/06\/SportCornerYllas_logo.jpg\" alt=\"Sport Corner Yll\u00e4s\" title=\"\">\n\t\t\t\t\t\t\t<\/div>\n\t\t\t\t\t\t\t<h5 class=\"oew-brands-name\"><\/h5>\n\t\t\t\t\t\t\t<div class=\"oew-brands-desc\"><\/div>\n\t\t\t\t\t\t\t\t\t\t\t\t\t<\/a>\n\t\t\t\t\t\t\t\t\t\t\t<\/div>\n\n\t\t\t\t\n\t\t\t\t\t<div class=\"oew-brands-item\">\n\t\t\t\t\t\t<a href=\"http:\/\/selvapyy.fi\" target=\"_blank\" class=\"oew-brands-link\" rel=\"noopener\">\t\t\t\t\t\t\t<div class=\"oew-brands-img\">\n\t\t\t\t\t\t\t\t<img decoding=\"async\" src=\"https:\/\/jouninkauppa.com\/content\/uploads\/2020\/06\/PubSelvaPyy_Logo.png\" alt=\"Selv\u00e4 pyy\" title=\"\">\n\t\t\t\t\t\t\t<\/div>\n\t\t\t\t\t\t\t<h5 class=\"oew-brands-name\"><\/h5>\n\t\t\t\t\t\t\t<div class=\"oew-brands-desc\"><\/div>\n\t\t\t\t\t\t\t\t\t\t\t\t\t<\/a>\n\t\t\t\t\t\t\t\t\t\t\t<\/div>\n\n\t\t\t\t\n\t\t\t\t\t<div class=\"oew-brands-item\">\n\t\t\t\t\t\t<a href=\"https:\/\/yllaksenyopuu.com\/\" target=\"_blank\" class=\"oew-brands-link\" rel=\"noopener\">\t\t\t\t\t\t\t<div class=\"oew-brands-img\">\n\t\t\t\t\t\t\t\t<img decoding=\"async\" src=\"https:\/\/jouninkauppa.com\/content\/uploads\/2020\/07\/YllaksenYoPuu_Logo.png\" alt=\"\" title=\"\">\n\t\t\t\t\t\t\t<\/div>\n\t\t\t\t\t\t\t<h5 class=\"oew-brands-name\"><\/h5>\n\t\t\t\t\t\t\t<div class=\"oew-brands-desc\"><\/div>\n\t\t\t\t\t\t\t\t\t\t\t\t\t<\/a>\n\t\t\t\t\t\t\t\t\t\t\t<\/div>\n\n\t\t\t\t\n\t\t\t\t\t<div class=\"oew-brands-item\">\n\t\t\t\t\t\t<a href=\"https:\/\/alavashop.com\" target=\"_blank\" class=\"oew-brands-link\" rel=\"noopener\">\t\t\t\t\t\t\t<div class=\"oew-brands-img\">\n\t\t\t\t\t\t\t\t<img decoding=\"async\" src=\"https:\/\/jouninkauppa.com\/content\/uploads\/2020\/07\/Alava_logo.png\" alt=\"Alava Shop \u00c4k\u00e4slompolo\" title=\"\">\n\t\t\t\t\t\t\t<\/div>\n\t\t\t\t\t\t\t<h5 class=\"oew-brands-name\"><\/h5>\n\t\t\t\t\t\t\t<div class=\"oew-brands-desc\"><\/div>\n\t\t\t\t\t\t\t\t\t\t\t\t\t<\/a>\n\t\t\t\t\t\t\t\t\t\t\t<\/div>\n\n\t\t\t\t\n\t\t\t\t\t<div class=\"oew-brands-item\">\n\t\t\t\t\t\t<a href=\"http:\/\/kolarinapteekki.fi\" target=\"_blank\" class=\"oew-brands-link\" rel=\"noopener\">\t\t\t\t\t\t\t<div class=\"oew-brands-img\">\n\t\t\t\t\t\t\t\t<img decoding=\"async\" src=\"https:\/\/jouninkauppa.com\/content\/uploads\/2020\/06\/KolarinApteekki_Logo.png\" alt=\"Kolarin Apteekki\" title=\"\">\n\t\t\t\t\t\t\t<\/div>\n\t\t\t\t\t\t\t<h5 class=\"oew-brands-name\"><\/h5>\n\t\t\t\t\t\t\t<div class=\"oew-brands-desc\"><\/div>\n\t\t\t\t\t\t\t\t\t\t\t\t\t<\/a>\n\t\t\t\t\t\t\t\t\t\t\t<\/div>\n\n\t\t\t\t\n\t\t\t\t\t<div class=\"oew-brands-item\">\n\t\t\t\t\t\t<a href=\"https:\/\/www.facebook.com\/people\/Cafe-Bar-Routa\/100048855251558\/\" target=\"_blank\" class=\"oew-brands-link\" rel=\"noopener\">\t\t\t\t\t\t\t<div class=\"oew-brands-img\">\n\t\t\t\t\t\t\t\t<img decoding=\"async\" src=\"https:\/\/jouninkauppa.com\/content\/uploads\/2020\/06\/65835_170861746281401_3357552_n.jpg\" alt=\"Routa Cafe &amp; Bar\" title=\"\">\n\t\t\t\t\t\t\t<\/div>\n\t\t\t\t\t\t\t<h5 class=\"oew-brands-name\"><\/h5>\n\t\t\t\t\t\t\t<div class=\"oew-brands-desc\"><\/div>\n\t\t\t\t\t\t\t\t\t\t\t\t\t<\/a>\n\t\t\t\t\t\t\t\t\t\t\t<\/div>\n\n\t\t\t\t\n\t\t\t\t\t<div class=\"oew-brands-item\">\n\t\t\t\t\t\t<a href=\"https:\/\/alko.fi\" target=\"_blank\" class=\"oew-brands-link\" rel=\"noopener\">\t\t\t\t\t\t\t<div class=\"oew-brands-img\">\n\t\t\t\t\t\t\t\t<img decoding=\"async\" src=\"https:\/\/jouninkauppa.com\/content\/uploads\/2020\/06\/Alko_Logo.png\" alt=\"Alko\" title=\"\">\n\t\t\t\t\t\t\t<\/div>\n\t\t\t\t\t\t\t<h5 class=\"oew-brands-name\"><\/h5>\n\t\t\t\t\t\t\t<div class=\"oew-brands-desc\"><\/div>\n\t\t\t\t\t\t\t\t\t\t\t\t\t<\/a>\n\t\t\t\t\t\t\t\t\t\t\t<\/div>\n\n\t\t\t\t\n\t\t\t\t\t<div class=\"oew-brands-item\">\n\t\t\t\t\t\t<a href=\"https:\/\/www.t-lh.fi\/\" target=\"_blank\" class=\"oew-brands-link\" rel=\"noopener\">\t\t\t\t\t\t\t<div class=\"oew-brands-img\">\n\t\t\t\t\t\t\t\t<img decoding=\"async\" src=\"https:\/\/jouninkauppa.com\/content\/uploads\/2020\/06\/TLHK_logo.png\" alt=\"Tunturi-Lapin Hinaus\" title=\"\">\n\t\t\t\t\t\t\t<\/div>\n\t\t\t\t\t\t\t<h5 class=\"oew-brands-name\"><\/h5>\n\t\t\t\t\t\t\t<div class=\"oew-brands-desc\"><\/div>\n\t\t\t\t\t\t\t\t\t\t\t\t\t<\/a>\n\t\t\t\t\t\t\t\t\t\t\t<\/div>\n\n\t\t\t\t\n\t\t\t\t\t<div class=\"oew-brands-item\">\n\t\t\t\t\t\t<a href=\"https:\/\/www.yllaslkv.fi\/\" target=\"_blank\" class=\"oew-brands-link\" rel=\"noopener\">\t\t\t\t\t\t\t<div class=\"oew-brands-img\">\n\t\t\t\t\t\t\t\t<img decoding=\"async\" src=\"https:\/\/jouninkauppa.com\/content\/uploads\/2020\/07\/YllaksenKiinteistovalitus_logo.png\" alt=\"\" title=\"\">\n\t\t\t\t\t\t\t<\/div>\n\t\t\t\t\t\t\t<h5 class=\"oew-brands-name\"><\/h5>\n\t\t\t\t\t\t\t<div class=\"oew-brands-desc\"><\/div>\n\t\t\t\t\t\t\t\t\t\t\t\t\t<\/a>\n\t\t\t\t\t\t\t\t\t\t\t<\/div>\n\n\t\t\t\t\n\t\t\t\t\t<div class=\"oew-brands-item\">\n\t\t\t\t\t\t<a href=\"https:\/\/lomarengas.fi\" target=\"_blank\" class=\"oew-brands-link\" rel=\"noopener\">\t\t\t\t\t\t\t<div class=\"oew-brands-img\">\n\t\t\t\t\t\t\t\t<img decoding=\"async\" src=\"https:\/\/jouninkauppa.com\/content\/uploads\/2020\/07\/Lomarengas_logo-1.png\" alt=\"\" title=\"\">\n\t\t\t\t\t\t\t<\/div>\n\t\t\t\t\t\t\t<h5 class=\"oew-brands-name\"><\/h5>\n\t\t\t\t\t\t\t<div class=\"oew-brands-desc\"><\/div>\n\t\t\t\t\t\t\t\t\t\t\t\t\t<\/a>\n\t\t\t\t\t\t\t\t\t\t\t<\/div>\n\n\t\t\t\t\n\t\t\t\t\t<div class=\"oew-brands-item\">\n\t\t\t\t\t\t<a href=\"http:\/\/woodjewel.fi\" target=\"_blank\" class=\"oew-brands-link\" rel=\"noopener\">\t\t\t\t\t\t\t<div class=\"oew-brands-img\">\n\t\t\t\t\t\t\t\t<img decoding=\"async\" src=\"https:\/\/jouninkauppa.com\/content\/uploads\/2020\/07\/WoodJewel_logo.png\" alt=\"\" title=\"\">\n\t\t\t\t\t\t\t<\/div>\n\t\t\t\t\t\t\t<h5 class=\"oew-brands-name\"><\/h5>\n\t\t\t\t\t\t\t<div class=\"oew-brands-desc\"><\/div>\n\t\t\t\t\t\t\t\t\t\t\t\t\t<\/a>\n\t\t\t\t\t\t\t\t\t\t\t<\/div>\n\n\t\t\t\t\n\t\t\t\t\t<div class=\"oew-brands-item\">\n\t\t\t\t\t\t<a href=\"http:\/\/www.tupasriekko.fi\/\" target=\"_blank\" class=\"oew-brands-link\" rel=\"noopener\">\t\t\t\t\t\t\t<div class=\"oew-brands-img\">\n\t\t\t\t\t\t\t\t<img decoding=\"async\" src=\"https:\/\/jouninkauppa.com\/content\/uploads\/2020\/07\/Tupasriekko_logo.png\" alt=\"Tupasriekko\" title=\"\">\n\t\t\t\t\t\t\t<\/div>\n\t\t\t\t\t\t\t<h5 class=\"oew-brands-name\"><\/h5>\n\t\t\t\t\t\t\t<div class=\"oew-brands-desc\"><\/div>\n\t\t\t\t\t\t\t\t\t\t\t\t\t<\/a>\n\t\t\t\t\t\t\t\t\t\t\t<\/div>\n\n\t\t\t\t\n\t\t\t\t\t<div class=\"oew-brands-item\">\n\t\t\t\t\t\t<a href=\"https:\/\/www.lumimari.fi\/\" target=\"_blank\" class=\"oew-brands-link\" rel=\"noopener\">\t\t\t\t\t\t\t<div class=\"oew-brands-img\">\n\t\t\t\t\t\t\t\t<img decoding=\"async\" src=\"https:\/\/jouninkauppa.com\/content\/uploads\/2020\/07\/lumimari_logo.png\" alt=\"\" title=\"\">\n\t\t\t\t\t\t\t<\/div>\n\t\t\t\t\t\t\t<h5 class=\"oew-brands-name\"><\/h5>\n\t\t\t\t\t\t\t<div class=\"oew-brands-desc\"><\/div>\n\t\t\t\t\t\t\t\t\t\t\t\t\t<\/a>\n\t\t\t\t\t\t\t\t\t\t\t<\/div>\n\n\t\t\t\t\n\t\t\t\t\t<div class=\"oew-brands-item\">\n\t\t\t\t\t\t<a href=\"https:\/\/www.kohtacoworking.com\/\" target=\"_blank\" class=\"oew-brands-link\" rel=\"noopener\">\t\t\t\t\t\t\t<div class=\"oew-brands-img\">\n\t\t\t\t\t\t\t\t<img decoding=\"async\" src=\"https:\/\/jouninkauppa.com\/content\/uploads\/2021\/09\/coworking.png\" alt=\"\" title=\"\">\n\t\t\t\t\t\t\t<\/div>\n\t\t\t\t\t\t\t<h5 class=\"oew-brands-name\"><\/h5>\n\t\t\t\t\t\t\t<div class=\"oew-brands-desc\"><\/div>\n\t\t\t\t\t\t\t\t\t\t\t\t\t<\/a>\n\t\t\t\t\t\t\t\t\t\t\t<\/div>\n\n\t\t\t\t\n\t\t\t\t\t<div class=\"oew-brands-item\">\n\t\t\t\t\t\t<a href=\"https:\/\/www.seitashop.fi\/\" target=\"_blank\" class=\"oew-brands-link\" rel=\"noopener\">\t\t\t\t\t\t\t<div class=\"oew-brands-img\">\n\t\t\t\t\t\t\t\t<img decoding=\"async\" src=\"https:\/\/jouninkauppa.com\/content\/uploads\/2022\/02\/seitashoptransparent.png\" alt=\"\" title=\"\">\n\t\t\t\t\t\t\t<\/div>\n\t\t\t\t\t\t\t<h5 class=\"oew-brands-name\"><\/h5>\n\t\t\t\t\t\t\t<div class=\"oew-brands-desc\"><\/div>\n\t\t\t\t\t\t\t\t\t\t\t\t\t<\/a>\n\t\t\t\t\t\t\t\t\t\t\t<\/div>\n\n\t\t\t\t\t\t\t<\/div>\n\t\t<\/div>\n\n\t\t\t\t\t<\/div>\n\t\t\t\t<\/div>\n\t\t\t\t\t<\/div>\n\t\t<\/div>\n\t\t\t\t\t<\/div>\n\t\t<\/section>\n\t\t\t\t<\/div>\n\t\t","protected":false},"excerpt":{"rendered":"<p>A warm welcome to Jouni Shopping Centre! Jouni Shopping Centre is here to serve you! At the shopping centre, you will find the means to indulge and shop under one roof. Jouni Shopping Centre consists of two main buildings, a stone's throw from each other. If you are looking for a specific service provider, you can click on the logo to read more. Welcome to enjoy shopping!<\/p>","protected":false},"author":1,"featured_media":0,"parent":0,"menu_order":0,"comment_status":"closed","ping_status":"closed","template":"","meta":{"ocean_post_layout":"","ocean_both_sidebars_style":"","ocean_both_sidebars_content_width":0,"ocean_both_sidebars_sidebars_width":0,"ocean_sidebar":"0","ocean_second_sidebar":"0","ocean_disable_margins":"enable","ocean_add_body_class":"","ocean_shortcode_before_top_bar":"","ocean_shortcode_after_top_bar":"","ocean_shortcode_before_header":"","ocean_shortcode_after_header":"","ocean_has_shortcode":"","ocean_shortcode_after_title":"","ocean_shortcode_before_footer_widgets":"","ocean_shortcode_after_footer_widgets":"","ocean_shortcode_before_footer_bottom":"","ocean_shortcode_after_footer_bottom":"","ocean_display_top_bar":"default","ocean_display_header":"default","ocean_header_style":"","ocean_center_header_left_menu":"0","ocean_custom_header_template":"0","ocean_custom_logo":0,"ocean_custom_retina_logo":0,"ocean_custom_logo_max_width":0,"ocean_custom_logo_tablet_max_width":0,"ocean_custom_logo_mobile_max_width":0,"ocean_custom_logo_max_height":0,"ocean_custom_logo_tablet_max_height":0,"ocean_custom_logo_mobile_max_height":0,"ocean_header_custom_menu":"0","ocean_menu_typo_font_family":"0","ocean_menu_typo_font_subset":"","ocean_menu_typo_font_size":0,"ocean_menu_typo_font_size_tablet":0,"ocean_menu_typo_font_size_mobile":0,"ocean_menu_typo_font_size_unit":"px","ocean_menu_typo_font_weight":"","ocean_menu_typo_font_weight_tablet":"","ocean_menu_typo_font_weight_mobile":"","ocean_menu_typo_transform":"","ocean_menu_typo_transform_tablet":"","ocean_menu_typo_transform_mobile":"","ocean_menu_typo_line_height":0,"ocean_menu_typo_line_height_tablet":0,"ocean_menu_typo_line_height_mobile":0,"ocean_menu_typo_line_height_unit":"","ocean_menu_typo_spacing":0,"ocean_menu_typo_spacing_tablet":0,"ocean_menu_typo_spacing_mobile":0,"ocean_menu_typo_spacing_unit":"","ocean_menu_link_color":"","ocean_menu_link_color_hover":"","ocean_menu_link_color_active":"","ocean_menu_link_background":"","ocean_menu_link_hover_background":"","ocean_menu_link_active_background":"","ocean_menu_social_links_bg":"","ocean_menu_social_hover_links_bg":"","ocean_menu_social_links_color":"","ocean_menu_social_hover_links_color":"","ocean_disable_title":"default","ocean_disable_heading":"default","ocean_post_title":"","ocean_post_subheading":"","ocean_post_title_style":"","ocean_post_title_background_color":"","ocean_post_title_background":0,"ocean_post_title_bg_image_position":"","ocean_post_title_bg_image_attachment":"","ocean_post_title_bg_image_repeat":"","ocean_post_title_bg_image_size":"","ocean_post_title_height":0,"ocean_post_title_bg_overlay":0.5,"ocean_post_title_bg_overlay_color":"","ocean_disable_breadcrumbs":"default","ocean_breadcrumbs_color":"","ocean_breadcrumbs_separator_color":"","ocean_breadcrumbs_links_color":"","ocean_breadcrumbs_links_hover_color":"","ocean_display_footer_widgets":"default","ocean_display_footer_bottom":"default","ocean_custom_footer_template":"0","footnotes":""},"class_list":["post-480","page","type-page","status-publish","hentry","entry"],"_links":{"self":[{"href":"https:\/\/jouninkauppa.com\/en\/wp-json\/wp\/v2\/pages\/480","targetHints":{"allow":["GET"]}}],"collection":[{"href":"https:\/\/jouninkauppa.com\/en\/wp-json\/wp\/v2\/pages"}],"about":[{"href":"https:\/\/jouninkauppa.com\/en\/wp-json\/wp\/v2\/types\/page"}],"author":[{"embeddable":true,"href":"https:\/\/jouninkauppa.com\/en\/wp-json\/wp\/v2\/users\/1"}],"replies":[{"embeddable":true,"href":"https:\/\/jouninkauppa.com\/en\/wp-json\/wp\/v2\/comments?post=480"}],"version-history":[{"count":91,"href":"https:\/\/jouninkauppa.com\/en\/wp-json\/wp\/v2\/pages\/480\/revisions"}],"predecessor-version":[{"id":3748,"href":"https:\/\/jouninkauppa.com\/en\/wp-json\/wp\/v2\/pages\/480\/revisions\/3748"}],"wp:attachment":[{"href":"https:\/\/jouninkauppa.com\/en\/wp-json\/wp\/v2\/media?parent=480"}],"curies":[{"name":"wp","href":"https:\/\/api.w.org\/{rel}","templated":true}]}}