{"id":473,"date":"2020-06-15T13:03:37","date_gmt":"2020-06-15T10:03:37","guid":{"rendered":"https:\/\/jouninkauppa.com\/?page_id=473"},"modified":"2020-09-13T17:18:30","modified_gmt":"2020-09-13T14:18:30","slug":"tietosuojaselosteet-evasteet","status":"publish","type":"page","link":"https:\/\/jouninkauppa.com\/en\/tietosuojaselosteet-evasteet\/","title":{"rendered":"Privacy policy &amp; cookies"},"content":{"rendered":"<div data-elementor-type=\"wp-page\" data-elementor-id=\"473\" class=\"elementor elementor-473\" data-elementor-post-type=\"page\">\n\t\t\t\t\t\t<section data-particle_enable=\"false\" data-particle-mobile-disabled=\"false\" class=\"elementor-section elementor-top-section elementor-element elementor-element-4559a27 elementor-section-boxed elementor-section-height-default elementor-section-height-default\" data-id=\"4559a27\" data-element_type=\"section\" data-e-type=\"section\">\n\t\t\t\t\t\t<div class=\"elementor-container elementor-column-gap-default\">\n\t\t\t\t\t<div class=\"elementor-column elementor-col-100 elementor-top-column elementor-element elementor-element-430c6f8\" data-id=\"430c6f8\" data-element_type=\"column\" data-e-type=\"column\">\n\t\t\t<div class=\"elementor-widget-wrap elementor-element-populated\">\n\t\t\t\t\t\t<div class=\"elementor-element elementor-element-934f292 elementor-widget elementor-widget-heading\" data-id=\"934f292\" data-element_type=\"widget\" data-e-type=\"widget\" data-widget_type=\"heading.default\">\n\t\t\t\t<div class=\"elementor-widget-container\">\n\t\t\t\t\t<h2 class=\"elementor-heading-title elementor-size-default\">Jounin Kaupan Privacy Policy &amp; Cookies<\/h2>\t\t\t\t<\/div>\n\t\t\t\t<\/div>\n\t\t\t\t\t<\/div>\n\t\t<\/div>\n\t\t\t\t\t<\/div>\n\t\t<\/section>\n\t\t\t\t<section data-particle_enable=\"false\" data-particle-mobile-disabled=\"false\" class=\"elementor-section elementor-top-section elementor-element elementor-element-30c6104 elementor-section-boxed elementor-section-height-default elementor-section-height-default\" data-id=\"30c6104\" data-element_type=\"section\" data-e-type=\"section\">\n\t\t\t\t\t\t<div class=\"elementor-container elementor-column-gap-default\">\n\t\t\t\t\t<div class=\"elementor-column elementor-col-100 elementor-top-column elementor-element elementor-element-538c35d\" data-id=\"538c35d\" data-element_type=\"column\" data-e-type=\"column\">\n\t\t\t<div class=\"elementor-widget-wrap elementor-element-populated\">\n\t\t\t\t\t\t<div class=\"elementor-element elementor-element-b1c243a elementor-widget elementor-widget-text-editor\" data-id=\"b1c243a\" data-element_type=\"widget\" data-e-type=\"widget\" data-widget_type=\"text-editor.default\">\n\t\t\t\t<div class=\"elementor-widget-container\">\n\t\t\t\t\t\t\t\t\t<p>Privacy Policy Jounin Kauppa<\/p>\n<p>We comply with the data protection law. In addition to our own privacy policy, we comply with the privacy policies of these third parties to provide our services.<\/p>\n<p><a href=\"https:\/\/www.veikkaus.fi\/fi\/tietosuoja?selectedTab=\/tietosuoja\/tietosuojaseloste\" target=\"_blank\" rel=\"noopener\">Veikkaus data protection<\/a><\/p>\n<p><a href=\"https:\/\/www.posti.fi\/liitteet\/hinnatjamaksutavat\/ehdot\/osoitetietojarjestelma_tietosuojaseloste_fi.pdf\" target=\"_blank\" rel=\"noopener\">Postal data protection<\/a><\/p>\n<p><a href=\"https:\/\/www.matkahuolto.fi\/tietosuoja\" target=\"_blank\" rel=\"noopener\">Data protection in Travel Services<\/a><\/p>\n<p><a href=\"https:\/\/www.kesko.fi\/asiakas\/tietosuoja-keskossa\/\" target=\"_blank\" rel=\"noopener\">Kesko's data protection<\/a><\/p>\n<p><a href=\"https:\/\/www.teboil.fi\/tietosuojailmoitus\/\" target=\"_blank\" rel=\"noopener\">Teboil's data protection<\/a><\/p>\n<p><strong>Register Description Jounin Kauppa Oy<\/strong><\/p>\n<p><strong> Register Description<\/strong><\/p>\n<p>Personal Data Act (523\/99) \u00a7 10<br>Completion date 31.5.2018<\/p>\n<p><strong>1.1. The controller<\/strong><\/p>\n<p>Jounin Kauppa Oy<br>0426724-7<br>Sannanrannantie 3<br>95970 \u00c4k\u00e4slompolo<br>Lapland, FINLAND<\/p>\n<p><strong>1.2. Responsible for the register<\/strong><\/p>\n<p>Louru Oy<br>Tievantie 4<br>95980 Yll\u00e4sj\u00e4rvi<br>Janne Pasma<br><a href=\"mailto:janne@louru.fi\">janne@louru.fi<\/a><br>+358 20 7498 100&nbsp;<\/p>\n<p><strong>1.3. Name of the register<\/strong><\/p>\n<p>Jounin Kauppa Oy customer register<\/p>\n<p><strong>1.4. Purpose of processing personal data (purpose of the register)<\/strong><\/p>\n<p>The personal data stored in the user register of the Jouninkauppa.com website is used to manage customer relations, to handle contacts, for marketing purposes and for other purposes related to online services.<\/p>\n<p><strong>1.5. Data content of the register<\/strong><\/p>\n<p>The register collects basic information about the data subjects, such as:<br>- name<br>- address<br>- phone number<br>- email address<\/p>\n<p><strong>1.6. Regular sources of information<\/strong><\/p>\n<p>The data controller registers the information about the user of the Jouninkauppa.com website that the user provides through the \"Contact Us\" section of the website.<\/p>\n<p><strong>1.7. Regular disclosures and transfers of data outside the EU or the European Economic Area<\/strong><\/p>\n<p>The company's online services are hosted on Finnish servers. However, user data on the website is stored in the Google Analytics visitor tracking Google cloud environment, which may also be located outside the EEA (in Privacy Shield countries). Otherwise, no personal data will be transferred outside the EU or EEA.<\/p>\n<p><a href=\"https:\/\/privacy.google.com\/businesses\/adsservices\/\" target=\"_blank\" rel=\"noopener\">https:\/\/privacy.google.com\/businesses\/adsservices\/<\/a><\/p>\n<p><strong>1.8. Principles of register protection<\/strong><\/p>\n<p>The data of the user register of the Jouninkauppa.com website is stored in the system of the controller, which is protected by operating system security software. Access to the system requires entering a user ID and password. The system is also protected by firewalls and other technical means. Only certain predefined employees of the controller have access to and are authorised to use the data stored in the register. The physical data contained in the register are located in locked and guarded premises.<\/p>\n<p>Access to the system is allowed to employees, the employer and the data controller, who have been trained to act in accordance with the Data Protection Act.<\/p>\n<p><strong>1.9. Rights of the data subject \/ Subscriber<\/strong><\/p>\n<p>In accordance with Articles 12-22 of the General Data Protection Regulation, the user has the following rights:<\/p>\n<ul>\n<li>The data subject's right of access<\/li>\n<li>Right to rectification<\/li>\n<li>Right to erasure (\"right to be forgotten\")<\/li>\n<li>Right to restriction of processing<\/li>\n<li>Obligation to notify rectification or erasure of personal data or restriction of processing<\/li>\n<li>The right to transfer data from one system to another<\/li>\n<li>Right to object<\/li>\n<li>Prohibit the processing and disclosure of data concerning him or her for direct marketing, distance selling and other direct marketing, market research and public opinion polls<\/li>\n<li>In addition, the data subject has the right to object to processing, automated decision-making and profiling.<\/li>\n<\/ul>\n<p>The request for verification must be made in writing, signed and addressed to the contact person of the controller, including a copy of the photo ID.<\/p>\n<p><strong>1.10. The data subject's right of access<\/strong><\/p>\n<p>The user has the right to inspect and obtain copies of the personal data stored in the register. The request for inspection must be made in writing and addressed to the person responsible for the register. Users also have the right to ask the controller to delete their data, the so-called \"right to be forgotten\".<\/p>\n<p><strong>1.11. Correcting information<\/strong><strong> and storage period<\/strong><\/p>\n<p>The controller shall correct, erase or complete personal data in the register which are inaccurate, unnecessary, incomplete or outdated for the purposes of processing, on its own initiative or at the request of the data subject. The data subject shall contact the controller's person responsible for the register in order to obtain the correction of the data.<\/p>\n<p>Jounin Kauppa Oy deletes customer data from the register when there is no longer a business reason for processing the data. The personal data will be processed for the duration of the customer relationship and for the period necessary to manage warranty and defect liability afterwards.<br>However, the data will not be deleted if the law provides otherwise, or if a competent authority has initiated a process requiring Jounin Kauppa Oy to retain the data, or if another party has applied to Finnish law for a data protection decision.<\/p>\n<p>The user-level and event-level data stored by Google Analytics will be automatically deleted from the Analytics servers after 26 months.<br>Contacts are kept for a maximum of one year, after which they are deleted from the registers, unless there is a legal or regulatory basis for processing them.<\/p>\n<p><strong>1.12 Other<\/strong><\/p><p>No information about the user is collected by jouninkauppa.com for other services than those mentioned. Employers and employees are familiarised with the Data Protection Act.<\/p>\n<p><strong>1.13 Approval of the Privacy Statement<\/strong><\/p>\n<p><strong><br><\/strong>The Privacy Policy was adopted on 31.5.2018, and updated on 15.6.2020.<\/p>\t\t\t\t\t\t\t\t<\/div>\n\t\t\t\t<\/div>\n\t\t\t\t\t<\/div>\n\t\t<\/div>\n\t\t\t\t\t<\/div>\n\t\t<\/section>\n\t\t\t\t<section data-particle_enable=\"false\" data-particle-mobile-disabled=\"false\" class=\"elementor-section elementor-top-section elementor-element elementor-element-0f90b26 elementor-section-boxed elementor-section-height-default elementor-section-height-default\" data-id=\"0f90b26\" data-element_type=\"section\" data-e-type=\"section\">\n\t\t\t\t\t\t<div class=\"elementor-container elementor-column-gap-default\">\n\t\t\t\t\t<div class=\"elementor-column elementor-col-100 elementor-top-column elementor-element elementor-element-cc3e6e6\" data-id=\"cc3e6e6\" data-element_type=\"column\" data-e-type=\"column\">\n\t\t\t<div class=\"elementor-widget-wrap elementor-element-populated\">\n\t\t\t\t\t\t<div class=\"elementor-element elementor-element-1613d7a elementor-widget elementor-widget-heading\" data-id=\"1613d7a\" data-element_type=\"widget\" data-e-type=\"widget\" data-widget_type=\"heading.default\">\n\t\t\t\t<div class=\"elementor-widget-container\">\n\t\t\t\t\t<h2 class=\"elementor-heading-title elementor-size-default\">Cookies<\/h2>\t\t\t\t<\/div>\n\t\t\t\t<\/div>\n\t\t\t\t<div class=\"elementor-element elementor-element-88e452a elementor-widget elementor-widget-text-editor\" data-id=\"88e452a\" data-element_type=\"widget\" data-e-type=\"widget\" data-widget_type=\"text-editor.default\">\n\t\t\t\t<div class=\"elementor-widget-container\">\n\t\t\t\t\t\t\t\t\t<p><strong><br \/>What is a cookie?<\/strong><\/p><p>Cookies are files that are automatically stored on a user's device when they visit a website. They are usually used to improve the user experience, such as remembering the contents of your shopping cart. Cookies can also be used to collect user information and to personalise the content of the site based on previous visits or use of the site, for example for marketing purposes.<\/p><p>We use cookies to improve the user experience of the site, such as remembering when administrators log in. We also use cookies to collect general information about users of the site.<\/p><p><strong>What information do we collect?<\/strong><\/p><p>Cookies and analytics tools help us to get an indicative picture of our data.<\/p><ul><li>on visitor numbers<\/li><li>location of users (country, city)<\/li><li>from users' devices<\/li><li>the operating system of users' devices<\/li><li>users' Internet access provider<\/li><li>most popular pages<\/li><li>links clicked on the website<\/li><li>traffic sources<\/li><\/ul><p>Traffic sources tell us how a user arrived at the site. For example, by typing an address directly into the address bar, from Google search results or via Facebook. However, we don't know the exact address from which the user came to the site. We can also see the search terms that have been used to find our site in Google search results and how many times a link has led to our site.<\/p><p>If a user has a third-party DoubleClick cookie on their device, we can also get an approximate picture of the user's<\/p><ul><li>the target group (e.g. age)<\/li><li>of interests<\/li><\/ul><p><strong>What of the information collected can be attributed to a specific person?<\/strong><\/p><p>Nothing. We only see indicative figures on the number of visitors and what they do. None of this can be attributed to anyone.<\/p><p><strong>What is the data collected used for?<\/strong><\/p><p>The data is not collected for marketing purposes, but mainly for interest. From the information collected, we can see what interests users most about the site and how many people visit the site in general. These figures can then be published later for others to see, for example in the form of a news article: 'In 2019, x number of visitors came to our site, which is y more than in 2018'.<\/p><p><strong>Content embedded from other sites<\/strong><\/p><p>Articles on this site may contain embedded content (e.g. videos, images, articles, etc.). Accessing embedded content from other sites is comparable to visiting a third-party site yourself.<\/p><p>These sites may collect information about you, use cookies, embed third party tracking cookies and monitor your interaction with embedded content, including tracking your interaction if and when you are logged in as a user to the site.<\/p><p><strong>For administrators<\/strong><\/p><p>If you have an account and log in to the site, we will set a temporary cookie to determine whether or not your browser supports cookies. This cookie does not contain any personal data and is deleted when the browser window is closed.<\/p><p>When you sign in, we set a number of cookies that store your login and display preferences. Login cookies are deleted after two days, display cookies are deleted after one year. If you select \"Remember me\" at login, your login information will be stored for two weeks. If you log out, the login cookies will be deleted at the same time.<\/p><p>If you publish an article or edit an existing one, we store a cookie in your browser containing the ID of the article you are editing. The cookie expires in one day.<\/p><p>The name and email address of the administrators are collected. You have the right to see the information collected about you, the right to have your information corrected and the right to have your information deleted, which in this case means deleting your account.<br \/><br \/>Website administrators are familiar with data protection law and cookies.<\/p>\t\t\t\t\t\t\t\t<\/div>\n\t\t\t\t<\/div>\n\t\t\t\t\t<\/div>\n\t\t<\/div>\n\t\t\t\t\t<\/div>\n\t\t<\/section>\n\t\t\t\t<\/div>","protected":false},"excerpt":{"rendered":"<p>Jounin Kaupan tietosuojaseloste &amp; ev\u00e4steet Tietosuojaselosteet Jounin Kauppa Noudatamme laissa m\u00e4\u00e4r\u00e4tty\u00e4 tietosuojaa. Oman tietosuojaselosteen lis\u00e4ksi noudatamme n\u00e4iden kolmansien osapuolien selosteita palveluiden tarjoamiseksi. Veikkauksen tietosuoja Postin tietosuoja Matkahuollon tietosuoja Keskon tietosuoja Teboilin tietosuoja Rekisteriseloste Jounin Kauppa Oy Rekisteriseloste Henkil\u00f6tietolaki (523\/99) 10 \u00a7Laatimisp\u00e4iv\u00e4 31.5.2018 1.1. Rekisterinpit\u00e4j\u00e4 Jounin Kauppa Oy0426724-7Sannanrannantie 395970 \u00c4k\u00e4slompoloLapland, FINLAND 1.2. Rekisteriasioista vastaava Louru OyTievantie [&hellip;]<\/p>\n","protected":false},"author":1,"featured_media":0,"parent":0,"menu_order":0,"comment_status":"closed","ping_status":"closed","template":"","meta":{"ocean_post_layout":"","ocean_both_sidebars_style":"","ocean_both_sidebars_content_width":0,"ocean_both_sidebars_sidebars_width":0,"ocean_sidebar":"0","ocean_second_sidebar":"0","ocean_disable_margins":"enable","ocean_add_body_class":"","ocean_shortcode_before_top_bar":"","ocean_shortcode_after_top_bar":"","ocean_shortcode_before_header":"","ocean_shortcode_after_header":"","ocean_has_shortcode":"","ocean_shortcode_after_title":"","ocean_shortcode_before_footer_widgets":"","ocean_shortcode_after_footer_widgets":"","ocean_shortcode_before_footer_bottom":"","ocean_shortcode_after_footer_bottom":"","ocean_display_top_bar":"default","ocean_display_header":"default","ocean_header_style":"","ocean_center_header_left_menu":"0","ocean_custom_header_template":"0","ocean_custom_logo":0,"ocean_custom_retina_logo":0,"ocean_custom_logo_max_width":0,"ocean_custom_logo_tablet_max_width":0,"ocean_custom_logo_mobile_max_width":0,"ocean_custom_logo_max_height":0,"ocean_custom_logo_tablet_max_height":0,"ocean_custom_logo_mobile_max_height":0,"ocean_header_custom_menu":"0","ocean_menu_typo_font_family":"0","ocean_menu_typo_font_subset":"","ocean_menu_typo_font_size":0,"ocean_menu_typo_font_size_tablet":0,"ocean_menu_typo_font_size_mobile":0,"ocean_menu_typo_font_size_unit":"px","ocean_menu_typo_font_weight":"","ocean_menu_typo_font_weight_tablet":"","ocean_menu_typo_font_weight_mobile":"","ocean_menu_typo_transform":"","ocean_menu_typo_transform_tablet":"","ocean_menu_typo_transform_mobile":"","ocean_menu_typo_line_height":0,"ocean_menu_typo_line_height_tablet":0,"ocean_menu_typo_line_height_mobile":0,"ocean_menu_typo_line_height_unit":"","ocean_menu_typo_spacing":0,"ocean_menu_typo_spacing_tablet":0,"ocean_menu_typo_spacing_mobile":0,"ocean_menu_typo_spacing_unit":"","ocean_menu_link_color":"","ocean_menu_link_color_hover":"","ocean_menu_link_color_active":"","ocean_menu_link_background":"","ocean_menu_link_hover_background":"","ocean_menu_link_active_background":"","ocean_menu_social_links_bg":"","ocean_menu_social_hover_links_bg":"","ocean_menu_social_links_color":"","ocean_menu_social_hover_links_color":"","ocean_disable_title":"default","ocean_disable_heading":"default","ocean_post_title":"","ocean_post_subheading":"","ocean_post_title_style":"","ocean_post_title_background_color":"","ocean_post_title_background":0,"ocean_post_title_bg_image_position":"","ocean_post_title_bg_image_attachment":"","ocean_post_title_bg_image_repeat":"","ocean_post_title_bg_image_size":"","ocean_post_title_height":0,"ocean_post_title_bg_overlay":0.5,"ocean_post_title_bg_overlay_color":"","ocean_disable_breadcrumbs":"default","ocean_breadcrumbs_color":"","ocean_breadcrumbs_separator_color":"","ocean_breadcrumbs_links_color":"","ocean_breadcrumbs_links_hover_color":"","ocean_display_footer_widgets":"default","ocean_display_footer_bottom":"default","ocean_custom_footer_template":"0","footnotes":""},"class_list":["post-473","page","type-page","status-publish","hentry","entry"],"_links":{"self":[{"href":"https:\/\/jouninkauppa.com\/en\/wp-json\/wp\/v2\/pages\/473","targetHints":{"allow":["GET"]}}],"collection":[{"href":"https:\/\/jouninkauppa.com\/en\/wp-json\/wp\/v2\/pages"}],"about":[{"href":"https:\/\/jouninkauppa.com\/en\/wp-json\/wp\/v2\/types\/page"}],"author":[{"embeddable":true,"href":"https:\/\/jouninkauppa.com\/en\/wp-json\/wp\/v2\/users\/1"}],"replies":[{"embeddable":true,"href":"https:\/\/jouninkauppa.com\/en\/wp-json\/wp\/v2\/comments?post=473"}],"version-history":[{"count":4,"href":"https:\/\/jouninkauppa.com\/en\/wp-json\/wp\/v2\/pages\/473\/revisions"}],"predecessor-version":[{"id":1194,"href":"https:\/\/jouninkauppa.com\/en\/wp-json\/wp\/v2\/pages\/473\/revisions\/1194"}],"wp:attachment":[{"href":"https:\/\/jouninkauppa.com\/en\/wp-json\/wp\/v2\/media?parent=473"}],"curies":[{"name":"wp","href":"https:\/\/api.w.org\/{rel}","templated":true}]}}