{"id":4095,"date":"2023-12-18T13:55:24","date_gmt":"2023-12-18T11:55:24","guid":{"rendered":"https:\/\/jouninkauppa.com\/?page_id=4095"},"modified":"2026-01-20T16:46:57","modified_gmt":"2026-01-20T14:46:57","slug":"kota-bistro","status":"publish","type":"page","link":"https:\/\/jouninkauppa.com\/en\/kota-bistro\/","title":{"rendered":"Kota Bistro"},"content":{"rendered":"\t\t<div data-elementor-type=\"wp-page\" data-elementor-id=\"4095\" class=\"elementor elementor-4095\" data-elementor-post-type=\"page\">\n\t\t\t\t\t\t<section data-particle_enable=\"false\" data-particle-mobile-disabled=\"false\" class=\"elementor-section elementor-top-section elementor-element elementor-element-1c79b83 elementor-section-full_width elementor-section-height-min-height elementor-section-stretched elementor-section-height-default elementor-section-items-middle\" data-id=\"1c79b83\" data-element_type=\"section\" data-e-type=\"section\" data-settings=\"{&quot;stretch_section&quot;:&quot;section-stretched&quot;,&quot;background_background&quot;:&quot;classic&quot;}\">\n\t\t\t\t\t\t<div class=\"elementor-container elementor-column-gap-default\">\n\t\t\t\t\t<div class=\"elementor-column elementor-col-100 elementor-top-column elementor-element elementor-element-20b3a77\" data-id=\"20b3a77\" data-element_type=\"column\" data-e-type=\"column\">\n\t\t\t<div class=\"elementor-widget-wrap elementor-element-populated\">\n\t\t\t\t\t\t<div class=\"elementor-element elementor-element-65c10cb elementor-widget elementor-widget-spacer\" data-id=\"65c10cb\" data-element_type=\"widget\" data-e-type=\"widget\" data-widget_type=\"spacer.default\">\n\t\t\t\t<div class=\"elementor-widget-container\">\n\t\t\t\t\t\t\t<div class=\"elementor-spacer\">\n\t\t\t<div class=\"elementor-spacer-inner\"><\/div>\n\t\t<\/div>\n\t\t\t\t\t\t<\/div>\n\t\t\t\t<\/div>\n\t\t\t\t\t<\/div>\n\t\t<\/div>\n\t\t\t\t\t<\/div>\n\t\t<\/section>\n\t\t\t\t<section data-particle_enable=\"false\" data-particle-mobile-disabled=\"false\" class=\"elementor-section elementor-top-section elementor-element elementor-element-36d83be elementor-reverse-tablet elementor-reverse-mobile elementor-section-boxed elementor-section-height-default elementor-section-height-default\" data-id=\"36d83be\" data-element_type=\"section\" data-e-type=\"section\">\n\t\t\t\t\t\t<div class=\"elementor-container elementor-column-gap-default\">\n\t\t\t\t\t<div class=\"elementor-column elementor-col-50 elementor-top-column elementor-element elementor-element-ec84728\" data-id=\"ec84728\" data-element_type=\"column\" data-e-type=\"column\">\n\t\t\t<div class=\"elementor-widget-wrap elementor-element-populated\">\n\t\t\t\t\t\t<div class=\"elementor-element elementor-element-723654a animated-slow elementor-invisible elementor-widget elementor-widget-image\" data-id=\"723654a\" data-element_type=\"widget\" data-e-type=\"widget\" data-settings=\"{&quot;_animation&quot;:&quot;fadeIn&quot;}\" data-widget_type=\"image.default\">\n\t\t\t\t<div class=\"elementor-widget-container\">\n\t\t\t\t\t\t\t\t\t\t\t\t\t\t\t<img fetchpriority=\"high\" decoding=\"async\" width=\"1024\" height=\"788\" src=\"https:\/\/jouninkauppa.com\/content\/uploads\/2023\/12\/kotabistro-logo_musta-teksti-1024x788.png\" class=\"attachment-large size-large wp-image-4110\" alt=\"\" srcset=\"https:\/\/jouninkauppa.com\/content\/uploads\/2023\/12\/kotabistro-logo_musta-teksti-1024x788.png 1024w, https:\/\/jouninkauppa.com\/content\/uploads\/2023\/12\/kotabistro-logo_musta-teksti-300x231.png 300w, https:\/\/jouninkauppa.com\/content\/uploads\/2023\/12\/kotabistro-logo_musta-teksti-768x591.png 768w, https:\/\/jouninkauppa.com\/content\/uploads\/2023\/12\/kotabistro-logo_musta-teksti-16x12.png 16w, https:\/\/jouninkauppa.com\/content\/uploads\/2023\/12\/kotabistro-logo_musta-teksti.png 1200w\" sizes=\"(max-width: 1024px) 100vw, 1024px\" title=\"\">\t\t\t\t\t\t\t\t\t\t\t\t\t\t\t<\/div>\n\t\t\t\t<\/div>\n\t\t\t\t<div class=\"elementor-element elementor-element-0044f5b elementor-hidden-tablet elementor-hidden-mobile elementor-widget elementor-widget-heading\" data-id=\"0044f5b\" data-element_type=\"widget\" data-e-type=\"widget\" data-widget_type=\"heading.default\">\n\t\t\t\t<div class=\"elementor-widget-container\">\n\t\t\t\t\t<h2 class=\"elementor-heading-title elementor-size-default\">Kota Bistro<\/h2>\t\t\t\t<\/div>\n\t\t\t\t<\/div>\n\t\t\t\t<div class=\"elementor-element elementor-element-f4c6b03 elementor-widget elementor-widget-text-editor\" data-id=\"f4c6b03\" data-element_type=\"widget\" data-e-type=\"widget\" data-widget_type=\"text-editor.default\">\n\t\t\t\t<div class=\"elementor-widget-container\">\n\t\t\t\t\t\t\t\t\t<p>Tule sy\u00f6m\u00e4\u00e4n Kota Bistroon tai tilaa mukaasi.<\/p>\t\t\t\t\t\t\t\t<\/div>\n\t\t\t\t<\/div>\n\t\t\t\t<div class=\"elementor-element elementor-element-aefa4d3 elementor-widget elementor-widget-heading\" data-id=\"aefa4d3\" data-element_type=\"widget\" data-e-type=\"widget\" data-widget_type=\"heading.default\">\n\t\t\t\t<div class=\"elementor-widget-container\">\n\t\t\t\t\t<h2 class=\"elementor-heading-title elementor-size-default\">Aukioloajat<\/h2>\t\t\t\t<\/div>\n\t\t\t\t<\/div>\n\t\t\t\t<div class=\"elementor-element elementor-element-68f196c elementor-widget elementor-widget-text-editor\" data-id=\"68f196c\" data-element_type=\"widget\" data-e-type=\"widget\" data-widget_type=\"text-editor.default\">\n\t\t\t\t<div class=\"elementor-widget-container\">\n\t\t\t\t\t\t\t\t\t<p><span style=\"font-size: 18px;\">P\u00e4iv\u00e4n ruoka ma\u2013la klo 11 alkaen<\/span><\/p><p>Palvelutiski avoinna ma\u2013la klo 9\u201319<\/p><p>My\u00f6s erikoiskahveja ja kahvilatuotteita<\/p><p>Poikkeukset mahdollisia pyh\u00e4p\u00e4ivin\u00e4.<\/p>\t\t\t\t\t\t\t\t<\/div>\n\t\t\t\t<\/div>\n\t\t\t\t\t<\/div>\n\t\t<\/div>\n\t\t\t\t<div class=\"elementor-column elementor-col-50 elementor-top-column elementor-element elementor-element-b5236ec\" data-id=\"b5236ec\" data-element_type=\"column\" data-e-type=\"column\" data-settings=\"{&quot;background_background&quot;:&quot;slideshow&quot;,&quot;background_slideshow_gallery&quot;:[{&quot;id&quot;:4804,&quot;url&quot;:&quot;https:\\\/\\\/jouninkauppa.com\\\/wp-content\\\/uploads\\\/2024\\\/06\\\/JouninKauppa-32.jpg&quot;},{&quot;id&quot;:4805,&quot;url&quot;:&quot;https:\\\/\\\/jouninkauppa.com\\\/wp-content\\\/uploads\\\/2024\\\/06\\\/JouninKauppa-33.jpg&quot;},{&quot;id&quot;:4806,&quot;url&quot;:&quot;https:\\\/\\\/jouninkauppa.com\\\/wp-content\\\/uploads\\\/2024\\\/06\\\/JouninKauppa-34.jpg&quot;},{&quot;id&quot;:4807,&quot;url&quot;:&quot;https:\\\/\\\/jouninkauppa.com\\\/wp-content\\\/uploads\\\/2024\\\/06\\\/JouninKauppa-37.jpg&quot;},{&quot;id&quot;:4808,&quot;url&quot;:&quot;https:\\\/\\\/jouninkauppa.com\\\/wp-content\\\/uploads\\\/2024\\\/06\\\/JouninKauppa-41.jpg&quot;}],&quot;background_slideshow_slide_duration&quot;:4000,&quot;background_slideshow_loop&quot;:&quot;yes&quot;,&quot;background_slideshow_slide_transition&quot;:&quot;fade&quot;,&quot;background_slideshow_transition_duration&quot;:500}\">\n\t\t\t<div class=\"elementor-widget-wrap elementor-element-populated\">\n\t\t\t\t\t\t<div class=\"elementor-element elementor-element-352bb75 elementor-widget elementor-widget-spacer\" data-id=\"352bb75\" data-element_type=\"widget\" data-e-type=\"widget\" data-widget_type=\"spacer.default\">\n\t\t\t\t<div class=\"elementor-widget-container\">\n\t\t\t\t\t\t\t<div class=\"elementor-spacer\">\n\t\t\t<div class=\"elementor-spacer-inner\"><\/div>\n\t\t<\/div>\n\t\t\t\t\t\t<\/div>\n\t\t\t\t<\/div>\n\t\t\t\t\t<\/div>\n\t\t<\/div>\n\t\t\t\t\t<\/div>\n\t\t<\/section>\n\t\t\t\t<section data-particle_enable=\"false\" data-particle-mobile-disabled=\"false\" class=\"elementor-section elementor-top-section elementor-element elementor-element-7a7db3e elementor-section-full_width elementor-hidden-desktop elementor-hidden-tablet elementor-hidden-mobile elementor-section-height-default elementor-section-height-default\" data-id=\"7a7db3e\" data-element_type=\"section\" data-e-type=\"section\">\n\t\t\t\t\t\t<div class=\"elementor-container elementor-column-gap-default\">\n\t\t\t\t\t<div class=\"elementor-column elementor-col-50 elementor-top-column elementor-element elementor-element-6b65c32\" data-id=\"6b65c32\" data-element_type=\"column\" data-e-type=\"column\">\n\t\t\t<div class=\"elementor-widget-wrap elementor-element-populated\">\n\t\t\t\t\t\t<div class=\"elementor-element elementor-element-a805e8b elementor-widget elementor-widget-text-editor\" data-id=\"a805e8b\" data-element_type=\"widget\" data-e-type=\"widget\" data-widget_type=\"text-editor.default\">\n\t\t\t\t<div class=\"elementor-widget-container\">\n\t\t\t\t\t\t\t\t\t<p>Paina menua avataksesi sen suurempana<\/p>\t\t\t\t\t\t\t\t<\/div>\n\t\t\t\t<\/div>\n\t\t\t\t\t<\/div>\n\t\t<\/div>\n\t\t<a class=\"eael-wrapper-link-d2ffcc9 --eael-wrapper-link-tag\" href=\"https:\/\/jouninkauppa.com\/content\/uploads\/2023\/12\/menu_digiscreen_tumma_eng1.png\" target=\"_blank\"><\/a>\t\t<div data-eael-wrapper-link=\"eael-wrapper-link-d2ffcc9\" class=\"elementor-column elementor-col-50 elementor-top-column elementor-element elementor-element-d2ffcc9\" data-id=\"d2ffcc9\" data-element_type=\"column\" data-e-type=\"column\">\n\t\t\t<div class=\"elementor-widget-wrap elementor-element-populated\">\n\t\t\t\t\t\t<div class=\"elementor-element elementor-element-b718169 elementor-widget elementor-widget-image\" data-id=\"b718169\" data-element_type=\"widget\" data-e-type=\"widget\" data-widget_type=\"image.default\">\n\t\t\t\t<div class=\"elementor-widget-container\">\n\t\t\t\t\t\t\t\t\t\t\t\t\t\t\t\t<a href=\"https:\/\/jouninkauppa.com\/content\/uploads\/2026\/01\/JouninKauppa-Bistro-menu-01-2026.jpg\" data-elementor-open-lightbox=\"yes\" data-elementor-lightbox-title=\"Jounin Kauppa Kota Bistro menu\" data-elementor-lightbox-description=\"Kota Bistro menu, Jounin kauppa\" data-e-action-hash=\"#elementor-action%3Aaction%3Dlightbox%26settings%3DeyJpZCI6NTEzMywidXJsIjoiaHR0cHM6XC9cL2pvdW5pbmthdXBwYS5jb21cL3dwLWNvbnRlbnRcL3VwbG9hZHNcLzIwMjZcLzAxXC9Kb3VuaW5LYXVwcGEtQmlzdHJvLW1lbnUtMDEtMjAyNi5qcGcifQ%3D%3D\">\n\t\t\t\t\t\t\t<img decoding=\"async\" width=\"1536\" height=\"1086\" src=\"https:\/\/jouninkauppa.com\/content\/uploads\/2026\/01\/JouninKauppa-Bistro-menu-01-2026-1536x1086.jpg\" class=\"attachment-1536x1536 size-1536x1536 wp-image-5133\" alt=\"Kota Bistro menu 2026\" srcset=\"https:\/\/jouninkauppa.com\/content\/uploads\/2026\/01\/JouninKauppa-Bistro-menu-01-2026-1536x1086.jpg 1536w, https:\/\/jouninkauppa.com\/content\/uploads\/2026\/01\/JouninKauppa-Bistro-menu-01-2026-300x212.jpg 300w, https:\/\/jouninkauppa.com\/content\/uploads\/2026\/01\/JouninKauppa-Bistro-menu-01-2026-1024x724.jpg 1024w, https:\/\/jouninkauppa.com\/content\/uploads\/2026\/01\/JouninKauppa-Bistro-menu-01-2026-768x543.jpg 768w, https:\/\/jouninkauppa.com\/content\/uploads\/2026\/01\/JouninKauppa-Bistro-menu-01-2026-2048x1448.jpg 2048w, https:\/\/jouninkauppa.com\/content\/uploads\/2026\/01\/JouninKauppa-Bistro-menu-01-2026-18x12.jpg 18w\" sizes=\"(max-width: 1536px) 100vw, 1536px\" title=\"\">\t\t\t\t\t\t\t\t<\/a>\n\t\t\t\t\t\t\t\t\t\t\t\t\t\t\t<\/div>\n\t\t\t\t<\/div>\n\t\t\t\t\t<\/div>\n\t\t<\/div>\n\t\t\t\t\t<\/div>\n\t\t<\/section>\n\t\t\t\t<section data-particle_enable=\"false\" data-particle-mobile-disabled=\"false\" class=\"elementor-section elementor-top-section elementor-element elementor-element-5fe39ac elementor-section-content-middle elementor-hidden-mobile elementor-section-full_width elementor-hidden-desktop elementor-hidden-tablet elementor-section-height-default elementor-section-height-default\" data-id=\"5fe39ac\" data-element_type=\"section\" data-e-type=\"section\" data-settings=\"{&quot;background_background&quot;:&quot;classic&quot;}\">\n\t\t\t\t\t\t\t<div class=\"elementor-background-overlay\"><\/div>\n\t\t\t\t\t\t\t<div class=\"elementor-container elementor-column-gap-default\">\n\t\t\t\t\t<div class=\"elementor-column elementor-col-100 elementor-top-column elementor-element elementor-element-d873842\" data-id=\"d873842\" data-element_type=\"column\" data-e-type=\"column\" data-settings=\"{&quot;background_background&quot;:&quot;classic&quot;}\">\n\t\t\t<div class=\"elementor-widget-wrap elementor-element-populated\">\n\t\t\t\t\t<div class=\"elementor-background-overlay\"><\/div>\n\t\t\t\t\t\t<section data-particle_enable=\"false\" data-particle-mobile-disabled=\"false\" class=\"elementor-section elementor-inner-section elementor-element elementor-element-e489cd6 elementor-section-boxed elementor-section-height-default elementor-section-height-default\" data-id=\"e489cd6\" data-element_type=\"section\" data-e-type=\"section\">\n\t\t\t\t\t\t<div class=\"elementor-container elementor-column-gap-default\">\n\t\t\t\t\t<div class=\"elementor-column elementor-col-100 elementor-inner-column elementor-element elementor-element-9dca795\" data-id=\"9dca795\" data-element_type=\"column\" data-e-type=\"column\">\n\t\t\t<div class=\"elementor-widget-wrap elementor-element-populated\">\n\t\t\t\t\t\t<div class=\"elementor-element elementor-element-156629b elementor-widget elementor-widget-image\" data-id=\"156629b\" data-element_type=\"widget\" data-e-type=\"widget\" data-widget_type=\"image.default\">\n\t\t\t\t<div class=\"elementor-widget-container\">\n\t\t\t\t\t\t\t\t\t\t\t\t\t\t\t\t<a href=\"https:\/\/jouninkauppa.com\/content\/uploads\/2026\/01\/JouninKauppa-Bistro-menu-01-2026.jpg\" data-elementor-open-lightbox=\"yes\" data-elementor-lightbox-title=\"Jounin Kauppa Kota Bistro menu\" data-elementor-lightbox-description=\"Kota Bistro menu, Jounin kauppa\" data-e-action-hash=\"#elementor-action%3Aaction%3Dlightbox%26settings%3DeyJpZCI6NTEzMywidXJsIjoiaHR0cHM6XC9cL2pvdW5pbmthdXBwYS5jb21cL3dwLWNvbnRlbnRcL3VwbG9hZHNcLzIwMjZcLzAxXC9Kb3VuaW5LYXVwcGEtQmlzdHJvLW1lbnUtMDEtMjAyNi5qcGcifQ%3D%3D\">\n\t\t\t\t\t\t\t<img decoding=\"async\" width=\"1536\" height=\"1086\" src=\"https:\/\/jouninkauppa.com\/content\/uploads\/2026\/01\/JouninKauppa-Bistro-menu-01-2026-1536x1086.jpg\" class=\"attachment-1536x1536 size-1536x1536 wp-image-5133\" alt=\"Kota Bistro menu 2026\" srcset=\"https:\/\/jouninkauppa.com\/content\/uploads\/2026\/01\/JouninKauppa-Bistro-menu-01-2026-1536x1086.jpg 1536w, https:\/\/jouninkauppa.com\/content\/uploads\/2026\/01\/JouninKauppa-Bistro-menu-01-2026-300x212.jpg 300w, https:\/\/jouninkauppa.com\/content\/uploads\/2026\/01\/JouninKauppa-Bistro-menu-01-2026-1024x724.jpg 1024w, https:\/\/jouninkauppa.com\/content\/uploads\/2026\/01\/JouninKauppa-Bistro-menu-01-2026-768x543.jpg 768w, https:\/\/jouninkauppa.com\/content\/uploads\/2026\/01\/JouninKauppa-Bistro-menu-01-2026-2048x1448.jpg 2048w, https:\/\/jouninkauppa.com\/content\/uploads\/2026\/01\/JouninKauppa-Bistro-menu-01-2026-18x12.jpg 18w\" sizes=\"(max-width: 1536px) 100vw, 1536px\" title=\"\">\t\t\t\t\t\t\t\t<\/a>\n\t\t\t\t\t\t\t\t\t\t\t\t\t\t\t<\/div>\n\t\t\t\t<\/div>\n\t\t\t\t\t<\/div>\n\t\t<\/div>\n\t\t\t\t\t<\/div>\n\t\t<\/section>\n\t\t\t\t\t<\/div>\n\t\t<\/div>\n\t\t\t\t\t<\/div>\n\t\t<\/section>\n\t\t\t\t<section data-particle_enable=\"false\" data-particle-mobile-disabled=\"false\" class=\"elementor-section elementor-top-section elementor-element elementor-element-0ff654c elementor-section-full_width elementor-section-content-middle elementor-section-height-default elementor-section-height-default\" data-id=\"0ff654c\" data-element_type=\"section\" data-e-type=\"section\" data-settings=\"{&quot;background_background&quot;:&quot;classic&quot;}\">\n\t\t\t\t\t\t\t<div class=\"elementor-background-overlay\"><\/div>\n\t\t\t\t\t\t\t<div class=\"elementor-container elementor-column-gap-default\">\n\t\t\t\t\t<div class=\"elementor-column elementor-col-100 elementor-top-column elementor-element elementor-element-9125deb\" data-id=\"9125deb\" data-element_type=\"column\" data-e-type=\"column\">\n\t\t\t<div class=\"elementor-widget-wrap elementor-element-populated\">\n\t\t\t\t\t\t<div class=\"elementor-element elementor-element-b8626d2 elementor-widget elementor-widget-menu-anchor\" data-id=\"b8626d2\" data-element_type=\"widget\" data-e-type=\"widget\" data-widget_type=\"menu-anchor.default\">\n\t\t\t\t<div class=\"elementor-widget-container\">\n\t\t\t\t\t\t\t<div class=\"elementor-menu-anchor\" id=\"laavu\"><\/div>\n\t\t\t\t\t\t<\/div>\n\t\t\t\t<\/div>\n\t\t\t\t\t<\/div>\n\t\t<\/div>\n\t\t\t\t\t<\/div>\n\t\t<\/section>\n\t\t\t\t<section data-particle_enable=\"false\" data-particle-mobile-disabled=\"false\" class=\"elementor-section elementor-top-section elementor-element elementor-element-842b8a3 elementor-section-full_width elementor-section-height-min-height elementor-section-stretched elementor-section-height-default elementor-section-items-middle\" data-id=\"842b8a3\" data-element_type=\"section\" data-e-type=\"section\" data-settings=\"{&quot;stretch_section&quot;:&quot;section-stretched&quot;,&quot;background_background&quot;:&quot;video&quot;,&quot;background_video_link&quot;:&quot;https:\\\/\\\/jouninkauppa.com\\\/wp-content\\\/uploads\\\/2024\\\/06\\\/Juusto_1-web.mp4&quot;,&quot;background_play_on_mobile&quot;:&quot;yes&quot;}\">\n\t\t\t\t\t\t\t\t<div class=\"elementor-background-video-container\">\n\t\t\t\t\t\t\t\t\t\t\t\t\t<video class=\"elementor-background-video-hosted\" role=\"presentation\" autoplay muted playsinline loop><\/video>\n\t\t\t\t\t\t\t\t\t\t\t<\/div>\n\t\t\t\t\t\t\t\t<div class=\"elementor-container elementor-column-gap-default\">\n\t\t\t\t\t<div class=\"elementor-column elementor-col-100 elementor-top-column elementor-element elementor-element-9ce5184\" data-id=\"9ce5184\" data-element_type=\"column\" data-e-type=\"column\">\n\t\t\t<div class=\"elementor-widget-wrap\">\n\t\t\t\t\t\t\t<\/div>\n\t\t<\/div>\n\t\t\t\t\t<\/div>\n\t\t<\/section>\n\t\t\t\t<section data-particle_enable=\"false\" data-particle-mobile-disabled=\"false\" class=\"elementor-section elementor-top-section elementor-element elementor-element-79139f2 elementor-section-height-min-height elementor-section-items-stretch elementor-section-boxed elementor-section-height-default\" data-id=\"79139f2\" data-element_type=\"section\" data-e-type=\"section\">\n\t\t\t\t\t\t<div class=\"elementor-container elementor-column-gap-default\">\n\t\t\t\t\t<div class=\"elementor-column elementor-col-50 elementor-top-column elementor-element elementor-element-3a066b7\" data-id=\"3a066b7\" data-element_type=\"column\" data-e-type=\"column\">\n\t\t\t<div class=\"elementor-widget-wrap elementor-element-populated\">\n\t\t\t\t\t\t<div class=\"elementor-element elementor-element-1dae90b elementor-widget elementor-widget-heading\" data-id=\"1dae90b\" data-element_type=\"widget\" data-e-type=\"widget\" data-widget_type=\"heading.default\">\n\t\t\t\t<div class=\"elementor-widget-container\">\n\t\t\t\t\t<h2 class=\"elementor-heading-title elementor-size-default\">Laavu Cheese &amp; Wine<\/h2>\t\t\t\t<\/div>\n\t\t\t\t<\/div>\n\t\t\t\t<div class=\"elementor-element elementor-element-e6b5058 elementor-widget elementor-widget-heading\" data-id=\"e6b5058\" data-element_type=\"widget\" data-e-type=\"widget\" data-widget_type=\"heading.default\">\n\t\t\t\t<div class=\"elementor-widget-container\">\n\t\t\t\t\t<div class=\"elementor-heading-title elementor-size-default\">Laavu Cheese &amp; Wine tarjoaa h\u00e4mm\u00e4stytt\u00e4v\u00e4n valikoiman juustoja ymp\u00e4ri maailmaa, ja on pohjoisin Juustomestareiden suosittelema juustopiste. Valitse herkkutteluun sopiva pala mahtavasta kovien ja pehmeiden juustojen valikoimasta tai nappaa mukaan valmis juustolaijtelma. <\/div>\t\t\t\t<\/div>\n\t\t\t\t<\/div>\n\t\t\t\t<div class=\"elementor-element elementor-element-fbe757f elementor-widget elementor-widget-heading\" data-id=\"fbe757f\" data-element_type=\"widget\" data-e-type=\"widget\" data-widget_type=\"heading.default\">\n\t\t\t\t<div class=\"elementor-widget-container\">\n\t\t\t\t\t<h2 class=\"elementor-heading-title elementor-size-default\">Aukioloajat<\/h2>\t\t\t\t<\/div>\n\t\t\t\t<\/div>\n\t\t\t\t<div class=\"elementor-element elementor-element-d94357d elementor-widget elementor-widget-text-editor\" data-id=\"d94357d\" data-element_type=\"widget\" data-e-type=\"widget\" data-widget_type=\"text-editor.default\">\n\t\t\t\t<div class=\"elementor-widget-container\">\n\t\t\t\t\t\t\t\t\t<div class=\"elementor-element elementor-element-7efdd2f elementor-widget elementor-widget-text-editor\" data-id=\"7efdd2f\" data-element_type=\"widget\" data-widget_type=\"text-editor.default\"><div class=\"elementor-widget-container\"><div class=\"elementor-text-editor elementor-clearfix\"><p>Erikoisjuustotiski avoinna kaupan aukioloaikojen mukaisesti. <\/p><p>\u00a0<\/p><\/div><\/div><\/div>\t\t\t\t\t\t\t\t<\/div>\n\t\t\t\t<\/div>\n\t\t\t\t\t<\/div>\n\t\t<\/div>\n\t\t\t\t<div class=\"elementor-column elementor-col-50 elementor-top-column elementor-element elementor-element-fe57020\" data-id=\"fe57020\" data-element_type=\"column\" data-e-type=\"column\" data-settings=\"{&quot;background_background&quot;:&quot;slideshow&quot;,&quot;background_slideshow_gallery&quot;:[{&quot;id&quot;:1795,&quot;url&quot;:&quot;https:\\\/\\\/jouninkauppa.com\\\/wp-content\\\/uploads\\\/2021\\\/03\\\/saiko_7_web.jpg&quot;},{&quot;id&quot;:4793,&quot;url&quot;:&quot;https:\\\/\\\/jouninkauppa.com\\\/wp-content\\\/uploads\\\/2024\\\/06\\\/JouninKauppa-03-1.jpg&quot;},{&quot;id&quot;:4794,&quot;url&quot;:&quot;https:\\\/\\\/jouninkauppa.com\\\/wp-content\\\/uploads\\\/2024\\\/06\\\/JouninKauppa-06.jpg&quot;},{&quot;id&quot;:4797,&quot;url&quot;:&quot;https:\\\/\\\/jouninkauppa.com\\\/wp-content\\\/uploads\\\/2024\\\/06\\\/JouninKauppa-17.jpg&quot;},{&quot;id&quot;:4798,&quot;url&quot;:&quot;https:\\\/\\\/jouninkauppa.com\\\/wp-content\\\/uploads\\\/2024\\\/06\\\/JouninKauppa-19.jpg&quot;},{&quot;id&quot;:1780,&quot;url&quot;:&quot;https:\\\/\\\/jouninkauppa.com\\\/wp-content\\\/uploads\\\/2021\\\/03\\\/saiko_8.jpg&quot;},{&quot;id&quot;:4795,&quot;url&quot;:&quot;https:\\\/\\\/jouninkauppa.com\\\/wp-content\\\/uploads\\\/2024\\\/06\\\/JouninKauppa-12.jpg&quot;},{&quot;id&quot;:4796,&quot;url&quot;:&quot;https:\\\/\\\/jouninkauppa.com\\\/wp-content\\\/uploads\\\/2024\\\/06\\\/JouninKauppa-15.jpg&quot;}],&quot;background_slideshow_slide_duration&quot;:4000,&quot;background_slideshow_loop&quot;:&quot;yes&quot;,&quot;background_slideshow_slide_transition&quot;:&quot;fade&quot;,&quot;background_slideshow_transition_duration&quot;:500}\">\n\t\t\t<div class=\"elementor-widget-wrap elementor-element-populated\">\n\t\t\t\t\t\t<div class=\"elementor-element elementor-element-20d5f48 elementor-widget elementor-widget-spacer\" data-id=\"20d5f48\" data-element_type=\"widget\" data-e-type=\"widget\" data-widget_type=\"spacer.default\">\n\t\t\t\t<div class=\"elementor-widget-container\">\n\t\t\t\t\t\t\t<div class=\"elementor-spacer\">\n\t\t\t<div class=\"elementor-spacer-inner\"><\/div>\n\t\t<\/div>\n\t\t\t\t\t\t<\/div>\n\t\t\t\t<\/div>\n\t\t\t\t\t<\/div>\n\t\t<\/div>\n\t\t\t\t\t<\/div>\n\t\t<\/section>\n\t\t\t\t<\/div>\n\t\t","protected":false},"excerpt":{"rendered":"<p>Kota Bistro Tule sy\u00f6m\u00e4\u00e4n Kota Bistroon tai tilaa mukaasi. Aukioloajat P\u00e4iv\u00e4n ruoka ma\u2013la klo 11 alkaen Palvelutiski avoinna ma\u2013la klo 9\u201319 My\u00f6s erikoiskahveja ja kahvilatuotteita Poikkeukset mahdollisia pyh\u00e4p\u00e4ivin\u00e4. Paina menua avataksesi sen suurempana Laavu Cheese &amp; Wine Laavu Cheese &amp; Wine tarjoaa h\u00e4mm\u00e4stytt\u00e4v\u00e4n valikoiman juustoja ymp\u00e4ri maailmaa, ja on pohjoisin Juustomestareiden suosittelema juustopiste. Valitse herkkutteluun [&hellip;]<\/p>\n","protected":false},"author":1,"featured_media":0,"parent":0,"menu_order":0,"comment_status":"closed","ping_status":"closed","template":"","meta":{"ocean_post_layout":"","ocean_both_sidebars_style":"","ocean_both_sidebars_content_width":0,"ocean_both_sidebars_sidebars_width":0,"ocean_sidebar":"0","ocean_second_sidebar":"0","ocean_disable_margins":"enable","ocean_add_body_class":"","ocean_shortcode_before_top_bar":"","ocean_shortcode_after_top_bar":"","ocean_shortcode_before_header":"","ocean_shortcode_after_header":"","ocean_has_shortcode":"","ocean_shortcode_after_title":"","ocean_shortcode_before_footer_widgets":"","ocean_shortcode_after_footer_widgets":"","ocean_shortcode_before_footer_bottom":"","ocean_shortcode_after_footer_bottom":"","ocean_display_top_bar":"default","ocean_display_header":"default","ocean_header_style":"","ocean_center_header_left_menu":"0","ocean_custom_header_template":"0","ocean_custom_logo":0,"ocean_custom_retina_logo":0,"ocean_custom_logo_max_width":0,"ocean_custom_logo_tablet_max_width":0,"ocean_custom_logo_mobile_max_width":0,"ocean_custom_logo_max_height":0,"ocean_custom_logo_tablet_max_height":0,"ocean_custom_logo_mobile_max_height":0,"ocean_header_custom_menu":"0","ocean_menu_typo_font_family":"0","ocean_menu_typo_font_subset":"","ocean_menu_typo_font_size":0,"ocean_menu_typo_font_size_tablet":0,"ocean_menu_typo_font_size_mobile":0,"ocean_menu_typo_font_size_unit":"px","ocean_menu_typo_font_weight":"","ocean_menu_typo_font_weight_tablet":"","ocean_menu_typo_font_weight_mobile":"","ocean_menu_typo_transform":"","ocean_menu_typo_transform_tablet":"","ocean_menu_typo_transform_mobile":"","ocean_menu_typo_line_height":0,"ocean_menu_typo_line_height_tablet":0,"ocean_menu_typo_line_height_mobile":0,"ocean_menu_typo_line_height_unit":"","ocean_menu_typo_spacing":0,"ocean_menu_typo_spacing_tablet":0,"ocean_menu_typo_spacing_mobile":0,"ocean_menu_typo_spacing_unit":"","ocean_menu_link_color":"","ocean_menu_link_color_hover":"","ocean_menu_link_color_active":"","ocean_menu_link_background":"","ocean_menu_link_hover_background":"","ocean_menu_link_active_background":"","ocean_menu_social_links_bg":"","ocean_menu_social_hover_links_bg":"","ocean_menu_social_links_color":"","ocean_menu_social_hover_links_color":"","ocean_disable_title":"default","ocean_disable_heading":"default","ocean_post_title":"","ocean_post_subheading":"","ocean_post_title_style":"","ocean_post_title_background_color":"","ocean_post_title_background":0,"ocean_post_title_bg_image_position":"","ocean_post_title_bg_image_attachment":"","ocean_post_title_bg_image_repeat":"","ocean_post_title_bg_image_size":"","ocean_post_title_height":0,"ocean_post_title_bg_overlay":0.5,"ocean_post_title_bg_overlay_color":"","ocean_disable_breadcrumbs":"default","ocean_breadcrumbs_color":"","ocean_breadcrumbs_separator_color":"","ocean_breadcrumbs_links_color":"","ocean_breadcrumbs_links_hover_color":"","ocean_display_footer_widgets":"default","ocean_display_footer_bottom":"default","ocean_custom_footer_template":"0","footnotes":""},"class_list":["post-4095","page","type-page","status-publish","hentry","entry"],"_links":{"self":[{"href":"https:\/\/jouninkauppa.com\/en\/wp-json\/wp\/v2\/pages\/4095","targetHints":{"allow":["GET"]}}],"collection":[{"href":"https:\/\/jouninkauppa.com\/en\/wp-json\/wp\/v2\/pages"}],"about":[{"href":"https:\/\/jouninkauppa.com\/en\/wp-json\/wp\/v2\/types\/page"}],"author":[{"embeddable":true,"href":"https:\/\/jouninkauppa.com\/en\/wp-json\/wp\/v2\/users\/1"}],"replies":[{"embeddable":true,"href":"https:\/\/jouninkauppa.com\/en\/wp-json\/wp\/v2\/comments?post=4095"}],"version-history":[{"count":255,"href":"https:\/\/jouninkauppa.com\/en\/wp-json\/wp\/v2\/pages\/4095\/revisions"}],"predecessor-version":[{"id":5161,"href":"https:\/\/jouninkauppa.com\/en\/wp-json\/wp\/v2\/pages\/4095\/revisions\/5161"}],"wp:attachment":[{"href":"https:\/\/jouninkauppa.com\/en\/wp-json\/wp\/v2\/media?parent=4095"}],"curies":[{"name":"wp","href":"https:\/\/api.w.org\/{rel}","templated":true}]}}