{"id":241,"date":"2020-06-13T17:38:27","date_gmt":"2020-06-13T14:38:27","guid":{"rendered":"https:\/\/jouninkauppa.com\/?page_id=241"},"modified":"2023-10-23T11:16:45","modified_gmt":"2023-10-23T08:16:45","slug":"jounin-kaupan-historia","status":"publish","type":"page","link":"https:\/\/jouninkauppa.com\/en\/jounin-kaupan-historia\/","title":{"rendered":"History of Jounin Kauppa"},"content":{"rendered":"<div data-elementor-type=\"wp-page\" data-elementor-id=\"241\" class=\"elementor elementor-241\" data-elementor-post-type=\"page\">\n\t\t\t\t\t\t<section data-particle_enable=\"false\" data-particle-mobile-disabled=\"false\" class=\"elementor-section elementor-top-section elementor-element elementor-element-12a7fa5 elementor-section-boxed elementor-section-height-default elementor-section-height-default\" data-id=\"12a7fa5\" data-element_type=\"section\" data-e-type=\"section\">\n\t\t\t\t\t\t<div class=\"elementor-container elementor-column-gap-default\">\n\t\t\t\t\t<div class=\"elementor-column elementor-col-100 elementor-top-column elementor-element elementor-element-c4ae4af\" data-id=\"c4ae4af\" data-element_type=\"column\" data-e-type=\"column\">\n\t\t\t<div class=\"elementor-widget-wrap elementor-element-populated\">\n\t\t\t\t\t\t<div class=\"elementor-element elementor-element-468b2f2 elementor-align-center elementor-widget elementor-widget-oew-advanced-heading\" data-id=\"468b2f2\" data-element_type=\"widget\" data-e-type=\"widget\" data-widget_type=\"oew-advanced-heading.default\">\n\t\t\t\t<div class=\"elementor-widget-container\">\n\t\t\t\t\t\n\t\t<div class=\"oew-advanced-heading\">\n\n\t\t\t\t\t\t\t<div class=\"oew-background-heading oew-hide-tm\">\n\t\t\t\t\t<div>History of Jounin Kauppa<\/div>\n\t\t\t\t<\/div>\n\t\t\t\t\t\t\t<h2  class=\"oew-main-heading\">\n\t\t\t\t\t<div>\n\t\t\t\t\t\tHistory of Jounin Kauppa\n\t\t\t\t\t\t\t\t\t\t\t<\/div>\n\t\t\t\t<\/h2>\n\t\t\t\n\t\t<\/div>\n\n\t\t\t\t\t<\/div>\n\t\t\t\t<\/div>\n\t\t\t\t\t<\/div>\n\t\t<\/div>\n\t\t\t\t\t<\/div>\n\t\t<\/section>\n\t\t\t\t<section data-particle_enable=\"false\" data-particle-mobile-disabled=\"false\" class=\"elementor-section elementor-top-section elementor-element elementor-element-cf16746 elementor-section-boxed elementor-section-height-default elementor-section-height-default\" data-id=\"cf16746\" data-element_type=\"section\" data-e-type=\"section\">\n\t\t\t\t\t\t<div class=\"elementor-container elementor-column-gap-default\">\n\t\t\t\t\t<div class=\"elementor-column elementor-col-100 elementor-top-column elementor-element elementor-element-0bea41f\" data-id=\"0bea41f\" data-element_type=\"column\" data-e-type=\"column\">\n\t\t\t<div class=\"elementor-widget-wrap elementor-element-populated\">\n\t\t\t\t\t\t<div class=\"elementor-element elementor-element-0407eac elementor-widget elementor-widget-image\" data-id=\"0407eac\" data-element_type=\"widget\" data-e-type=\"widget\" data-widget_type=\"image.default\">\n\t\t\t\t<div class=\"elementor-widget-container\">\n\t\t\t\t\t\t\t\t\t\t\t\t\t\t\t<img fetchpriority=\"high\" decoding=\"async\" width=\"670\" height=\"436\" src=\"https:\/\/jouninkauppa.com\/content\/uploads\/2020\/06\/Ensimm\u00e4inen-Jounin-Kauppa.jpg\" class=\"attachment-full size-full wp-image-254\" alt=\"First Jounin Kauppa\" srcset=\"https:\/\/jouninkauppa.com\/content\/uploads\/2020\/06\/Ensimm\u00e4inen-Jounin-Kauppa.jpg 670w, https:\/\/jouninkauppa.com\/content\/uploads\/2020\/06\/Ensimm\u00e4inen-Jounin-Kauppa-300x195.jpg 300w\" sizes=\"(max-width: 670px) 100vw, 670px\" title=\"\">\t\t\t\t\t\t\t\t\t\t\t\t\t\t\t<\/div>\n\t\t\t\t<\/div>\n\t\t\t\t<div class=\"elementor-element elementor-element-d7ec326 elementor-widget elementor-widget-text-editor\" data-id=\"d7ec326\" data-element_type=\"widget\" data-e-type=\"widget\" data-widget_type=\"text-editor.default\">\n\t\t\t\t<div class=\"elementor-widget-container\">\n\t\t\t\t\t\t\t\t\t<p><strong>First Jounin Kauppa <br \/><\/strong><em>Jounin Kauppa back in beginning of 1950's<\/em><\/p>\t\t\t\t\t\t\t\t<\/div>\n\t\t\t\t<\/div>\n\t\t\t\t<div class=\"elementor-element elementor-element-f1b3a8f elementor-widget elementor-widget-text-editor\" data-id=\"f1b3a8f\" data-element_type=\"widget\" data-e-type=\"widget\" data-widget_type=\"text-editor.default\">\n\t\t\t\t<div class=\"elementor-widget-container\">\n\t\t\t\t\t\t\t\t\t<p>Jounin Kauppa was established in 1950's, when <strong>Jouni Kaulanen<\/strong> had his first food delivery brought by <strong>Eino Aho, who lived in Tornio.<\/strong> Order was made by a German tourist, who thought \u00c4k\u00e4slompolo should have its own grocery shop. Creator of Jounin Kauppa, Jouni was working as a builder, and he was not really interested to work as a grocery shop owner. Being a builder provided so much better in that time. Regardless, when the delivery came, Jouni created a store venue into his own house, where he started selling groceries first time in 23.3.1950.<\/p>\t\t\t\t\t\t\t\t<\/div>\n\t\t\t\t<\/div>\n\t\t\t\t\t<\/div>\n\t\t<\/div>\n\t\t\t\t\t<\/div>\n\t\t<\/section>\n\t\t\t\t<section data-particle_enable=\"false\" data-particle-mobile-disabled=\"false\" class=\"elementor-section elementor-top-section elementor-element elementor-element-46a5015 elementor-section-boxed elementor-section-height-default elementor-section-height-default\" data-id=\"46a5015\" data-element_type=\"section\" data-e-type=\"section\">\n\t\t\t\t\t\t<div class=\"elementor-container elementor-column-gap-default\">\n\t\t\t\t\t<div class=\"elementor-column elementor-col-100 elementor-top-column elementor-element elementor-element-c2f0bf9\" data-id=\"c2f0bf9\" data-element_type=\"column\" data-e-type=\"column\">\n\t\t\t<div class=\"elementor-widget-wrap elementor-element-populated\">\n\t\t\t\t\t\t<div class=\"elementor-element elementor-element-78cc68e elementor-widget elementor-widget-image\" data-id=\"78cc68e\" data-element_type=\"widget\" data-e-type=\"widget\" data-widget_type=\"image.default\">\n\t\t\t\t<div class=\"elementor-widget-container\">\n\t\t\t\t\t\t\t\t\t\t\t\t\t\t\t<img decoding=\"async\" width=\"670\" height=\"453\" src=\"https:\/\/jouninkauppa.com\/content\/uploads\/2020\/06\/Jouni-kauppa-1979.jpg\" class=\"attachment-full size-full wp-image-468\" alt=\"Jouni + shop 1979\" srcset=\"https:\/\/jouninkauppa.com\/content\/uploads\/2020\/06\/Jouni-kauppa-1979.jpg 670w, https:\/\/jouninkauppa.com\/content\/uploads\/2020\/06\/Jouni-kauppa-1979-300x203.jpg 300w\" sizes=\"(max-width: 670px) 100vw, 670px\" title=\"\">\t\t\t\t\t\t\t\t\t\t\t\t\t\t\t<\/div>\n\t\t\t\t<\/div>\n\t\t\t\t<div class=\"elementor-element elementor-element-ebe525c elementor-widget elementor-widget-text-editor\" data-id=\"ebe525c\" data-element_type=\"widget\" data-e-type=\"widget\" data-widget_type=\"text-editor.default\">\n\t\t\t\t<div class=\"elementor-widget-container\">\n\t\t\t\t\t\t\t\t\t<p><strong>Jounin Kauppa 1979<br \/><\/strong><em>Jouni in the picture. The house has just received new stairs.<\/em><\/p>\t\t\t\t\t\t\t\t<\/div>\n\t\t\t\t<\/div>\n\t\t\t\t<div class=\"elementor-element elementor-element-acffbc0 elementor-widget elementor-widget-text-editor\" data-id=\"acffbc0\" data-element_type=\"widget\" data-e-type=\"widget\" data-widget_type=\"text-editor.default\">\n\t\t\t\t<div class=\"elementor-widget-container\">\n\t\t\t\t\t\t\t\t\t<p>Originally the vendor was handling cashier machine's tasks with pen and paper. Cold-storage was in the basement, where vendor got to go pretty often during busy spring season. During spring, new people had to be hired to meet demand.<\/p><p>But during quieter times, Jouni was fishing, working as a builder and herding reindeers, as almost everyone in the village had reindeers under their own labels.<\/p><p>In first years, Jouni was upkeeping a shop for the lumberjacks, who were cutting trees whole summer in the village of Luosu. To upkeep this shop, Jouni hired a caretaker for it who suddenly disappeared after two years, and that is when shop for the lumberjacks was done for.<\/p><p>In 1950's. as today, cross-country skiis required a lot of maintenance. For the visitors, it was very popular to land every hill in the area by skis. Skis were made from wood, and they often got broken in downhill skiing. So, there was a lot of work to fix those skis as well. Upstairs of Jounin Kauppa <strong>Tallberg<\/strong> created a place to fix skis. Later skis was fixed by the children of Jouni <strong>Esa<\/strong> and <strong>Tapio<\/strong> in exchange for small sums.<\/p>\t\t\t\t\t\t\t\t<\/div>\n\t\t\t\t<\/div>\n\t\t\t\t\t<\/div>\n\t\t<\/div>\n\t\t\t\t\t<\/div>\n\t\t<\/section>\n\t\t\t\t<section data-particle_enable=\"false\" data-particle-mobile-disabled=\"false\" class=\"elementor-section elementor-top-section elementor-element elementor-element-229c3c5 elementor-section-boxed elementor-section-height-default elementor-section-height-default\" data-id=\"229c3c5\" data-element_type=\"section\" data-e-type=\"section\">\n\t\t\t\t\t\t<div class=\"elementor-container elementor-column-gap-default\">\n\t\t\t\t\t<div class=\"elementor-column elementor-col-100 elementor-top-column elementor-element elementor-element-63dc2ed\" data-id=\"63dc2ed\" data-element_type=\"column\" data-e-type=\"column\">\n\t\t\t<div class=\"elementor-widget-wrap elementor-element-populated\">\n\t\t\t\t\t\t<div class=\"elementor-element elementor-element-1ce8b19 elementor-widget elementor-widget-image\" data-id=\"1ce8b19\" data-element_type=\"widget\" data-e-type=\"widget\" data-widget_type=\"image.default\">\n\t\t\t\t<div class=\"elementor-widget-container\">\n\t\t\t\t\t\t\t\t\t\t\t\t\t\t\t<img decoding=\"async\" width=\"670\" height=\"427\" src=\"https:\/\/jouninkauppa.com\/content\/uploads\/2020\/06\/1981-kauppa.jpg\" class=\"attachment-full size-full wp-image-467\" alt=\"1981 Trade\" srcset=\"https:\/\/jouninkauppa.com\/content\/uploads\/2020\/06\/1981-kauppa.jpg 670w, https:\/\/jouninkauppa.com\/content\/uploads\/2020\/06\/1981-kauppa-300x191.jpg 300w\" sizes=\"(max-width: 670px) 100vw, 670px\" title=\"\">\t\t\t\t\t\t\t\t\t\t\t\t\t\t\t<\/div>\n\t\t\t\t<\/div>\n\t\t\t\t<div class=\"elementor-element elementor-element-e69a9fe elementor-widget elementor-widget-text-editor\" data-id=\"e69a9fe\" data-element_type=\"widget\" data-e-type=\"widget\" data-widget_type=\"text-editor.default\">\n\t\t\t\t<div class=\"elementor-widget-container\">\n\t\t\t\t\t\t\t\t\t<p><strong>New grocery store in 1980<br \/><\/strong><em>Jouni created a new grocery store in 1980. Nowadays it is known as a shopping centre of Jouni, next to the main road.<\/em><\/p>\t\t\t\t\t\t\t\t<\/div>\n\t\t\t\t<\/div>\n\t\t\t\t<div class=\"elementor-element elementor-element-5f395d7 elementor-widget elementor-widget-text-editor\" data-id=\"5f395d7\" data-element_type=\"widget\" data-e-type=\"widget\" data-widget_type=\"text-editor.default\">\n\t\t\t\t<div class=\"elementor-widget-container\">\n\t\t\t\t\t\t\t\t\t<p>Originally, Jouni was selling everyday products and food supplies in his store, but little by little as a vendor he started to deliver materials for builders too.<\/p><p>As a professional builder, Jouni knew how to guide and help local builders. He knew all the workers in the area and all the regulations of building. He befriended many of the regular customers, who were also professionals in their own field. Jouni had always someone to ask from, whether he or some of his friend needed help.<\/p><p>1950's store was not only place to buy items, it was a place to meet people. Sometimes Jouni was offering coffee in his house with her wife, <strong>Terttu.<\/strong> Terttu had a lot to do, as she was helping Jouni in everyday tasks, and also she had children and cows to take care of.<\/p><p>Jouni was a vendor through and through. He would've sold his own pants if the situation needed to. Once Jouni went one step too far by selling her wife's reindeer boots! Jouni was a good and caring store owner, and when a customer needed good reindeer boots, he knew immediately where to get them.<\/p>\t\t\t\t\t\t\t\t<\/div>\n\t\t\t\t<\/div>\n\t\t\t\t\t<\/div>\n\t\t<\/div>\n\t\t\t\t\t<\/div>\n\t\t<\/section>\n\t\t\t\t<section data-particle_enable=\"false\" data-particle-mobile-disabled=\"false\" class=\"elementor-section elementor-top-section elementor-element elementor-element-63aee37 elementor-section-boxed elementor-section-height-default elementor-section-height-default\" data-id=\"63aee37\" data-element_type=\"section\" data-e-type=\"section\">\n\t\t\t\t\t\t<div class=\"elementor-container elementor-column-gap-default\">\n\t\t\t\t\t<div class=\"elementor-column elementor-col-100 elementor-top-column elementor-element elementor-element-b66c12a\" data-id=\"b66c12a\" data-element_type=\"column\" data-e-type=\"column\">\n\t\t\t<div class=\"elementor-widget-wrap elementor-element-populated\">\n\t\t\t\t\t\t<div class=\"elementor-element elementor-element-164d36f elementor-widget elementor-widget-image\" data-id=\"164d36f\" data-element_type=\"widget\" data-e-type=\"widget\" data-widget_type=\"image.default\">\n\t\t\t\t<div class=\"elementor-widget-container\">\n\t\t\t\t\t\t\t\t\t\t\t\t\t\t\t<img loading=\"lazy\" decoding=\"async\" width=\"670\" height=\"447\" src=\"https:\/\/jouninkauppa.com\/content\/uploads\/2020\/06\/Jounin-kauppa-2004.jpg\" class=\"attachment-full size-full wp-image-469\" alt=\"Jouni&#039;s shop 2004\" srcset=\"https:\/\/jouninkauppa.com\/content\/uploads\/2020\/06\/Jounin-kauppa-2004.jpg 670w, https:\/\/jouninkauppa.com\/content\/uploads\/2020\/06\/Jounin-kauppa-2004-300x200.jpg 300w\" sizes=\"(max-width: 670px) 100vw, 670px\" title=\"\">\t\t\t\t\t\t\t\t\t\t\t\t\t\t\t<\/div>\n\t\t\t\t<\/div>\n\t\t\t\t<div class=\"elementor-element elementor-element-6e1becc elementor-widget elementor-widget-text-editor\" data-id=\"6e1becc\" data-element_type=\"widget\" data-e-type=\"widget\" data-widget_type=\"text-editor.default\">\n\t\t\t\t<div class=\"elementor-widget-container\">\n\t\t\t\t\t\t\t\t\t<p><strong>Jounin Kauppa in 2004<\/strong><br \/><em>Nowadays there is Shopping Center of Jouni.<\/em><\/p>\t\t\t\t\t\t\t\t<\/div>\n\t\t\t\t<\/div>\n\t\t\t\t<div class=\"elementor-element elementor-element-bfbfe27 elementor-widget elementor-widget-text-editor\" data-id=\"bfbfe27\" data-element_type=\"widget\" data-e-type=\"widget\" data-widget_type=\"text-editor.default\">\n\t\t\t\t<div class=\"elementor-widget-container\">\n\t\t\t\t\t\t\t\t\t<p>Every day Jouni was counting the daily cashier and then put the money in an envelope. He marked the amount on the top of it with a pen, and left it outside of the store hanging on the door knob. Every evening, around 19:30 Niskala's bus brought the mail to the village and took Jouni's envelope to the wholesale department, which provided supplies. <strong>Eino Aho, who lived in Tornio.<\/strong> This habit was on going until the end of 1970's.<\/p><p>Upstairs of his own home and grocery store, Terttu &amp; Jouni were renting a place for tourists to stay. It was regular habit in the area, everyone was doing it. Every house had their yearly visitors who came year after year to visit and enjoy the spring. During that time, tourist or customer were called guests and they were taken care of like they belonged to the family.<\/p><p>Because of visitors, Jouni never locked his grocery store door, not even for a night. Tourists went in and out when they wanted and locking the door was not an option. Even though Jouni had his store's warehouse inside the shop's entrance, no one never stole anything from him, until 1980's one young man stole a crate of lemonade drinks. Jouni noticed it immediately and chased the thief to the bus. The man had to give back the things he stole, and after that Jouni had to install a lock for his door. Times had changed in \u00c4k\u00e4slompolo.<\/p><p>New grocery store was built by Jouni in 1980. He was the main builder, but his son Esa was helping him out with the project. In 1985 Jouni decided to stop being a vendor and his son Esa took over with his wife <strong>, Anne.<\/strong> .<\/p><p>Jouni was an enthuastic fisherman all his life. He loved to be in nature, and knew the best spots to pick up berries. His mind rested next to a bonfire, which helped him keep his caring attitude ongoing for his whole life.<\/p><p>In his last day he was fishing at the river. When he came back to home, he was wondering why the trip felt so heavy this time. That same very week, he did over a hundred birch whisks used in sauna, but normally that kind of activity did not take his energy in such a way.<\/p><p>Jounin Kauppa today would impress Jouni. He would be very proud of his grandson Sampo. <strong>From Sampo<\/strong>He had very warm relationship with Sampo. When Sampo was a little boy, he loved to be with his grandfather who always had time for the little one. When Sampo was 6-years old, he refused to go to day care and only wanted to stay home. Next to his home was the grocery store and his grandparents.<\/p><p>He was running between these houses everyday many times, and there was so much to do for him. Sampo was listening his grandpa's stories and he followed him wherever he went.<\/p><p>He was involved in burn-clearing the fields together with his father and Jouni. Next to the grocery shop today, at the side of the forest was Jouni's teepee, where they cooked fish they had caught that day.<\/p><p>It was natural for Sampo to start being a vendor and follow his grandfather's footsteps. He was ready to face challenges of his own time.<\/p><p><a href=\"http:\/\/www.xn--kslompolonsuvut-zkbb.fi\/valokuvia\/kylan-ihmisista\/jounila.html\" target=\"_blank\" rel=\"noopener\">More about Kaulanen family history here (in Finnish)<\/a><\/p><p><strong>A new capter in the history of Jounin Kauppa in 2023<\/strong><\/p><p><img loading=\"lazy\" decoding=\"async\" class=\"alignleft wp-image-3850 size-large\" src=\"https:\/\/jouninkauppa.com\/content\/uploads\/2023\/10\/Linda-ja-Janne-Vuollo-Jounin-kaupalla-751x1024.jpg\" alt=\"\" width=\"751\" height=\"1024\" title=\"\" srcset=\"https:\/\/jouninkauppa.com\/content\/uploads\/2023\/10\/Linda-ja-Janne-Vuollo-Jounin-kaupalla-751x1024.jpg 751w, https:\/\/jouninkauppa.com\/content\/uploads\/2023\/10\/Linda-ja-Janne-Vuollo-Jounin-kaupalla-220x300.jpg 220w, https:\/\/jouninkauppa.com\/content\/uploads\/2023\/10\/Linda-ja-Janne-Vuollo-Jounin-kaupalla-768x1048.jpg 768w, https:\/\/jouninkauppa.com\/content\/uploads\/2023\/10\/Linda-ja-Janne-Vuollo-Jounin-kaupalla-9x12.jpg 9w, https:\/\/jouninkauppa.com\/content\/uploads\/2023\/10\/Linda-ja-Janne-Vuollo-Jounin-kaupalla.jpg 1022w\" sizes=\"(max-width: 751px) 100vw, 751px\" \/><\/p><p>In spring 2023, Sampo decided to sell the shop and concentrate on other businesses. Kesko bought the premises the shopping mall and Linda and Janne Vuollo became the new shopkeepers of Jounin Kauppa. <strong>-<\/strong>Jounin Kauppa is their third grocery store. Janne is born in the neighbouring municipality Muonio and had now a possibility to return to his roots. The couple want to cherish and continue the good work of the previous owners and develop the supermarket further.\u00a0<\/p><p>-<\/p><p>\u00a0<\/p><p>\u00a0<\/p>\t\t\t\t\t\t\t\t<\/div>\n\t\t\t\t<\/div>\n\t\t\t\t\t<\/div>\n\t\t<\/div>\n\t\t\t\t\t<\/div>\n\t\t<\/section>\n\t\t\t\t<\/div>","protected":false},"excerpt":{"rendered":"<p>Jounin kaupan historia Jounin Kaupan historia Ensimm\u00e4inen Jounin Kauppa Jounin Kauppa 1950-luvun alkupuolella Jounin kauppa syntyi 1950-luvulla, kun Kaulasen Jounille tuli ensimm\u00e4inen tukkukuorma torniolaisen Eino Ahon tukkuliikkeest\u00e4. Tilauksen oli Jounin puolesta hoitanut er\u00e4s saksalainen muonitusmestari, koska h\u00e4nen ja muidenkin turistien mielest\u00e4 kyl\u00e4kauppa \u00c4k\u00e4slompoloon tarvittiin. Kirvesmiehen\u00e4 ty\u00f6skentelev\u00e4 Kaulasen Jouni ei ollu ensi alkuun ollenkaan kiinnostunut kauppiaaksi [&hellip;]<\/p>\n","protected":false},"author":1,"featured_media":0,"parent":0,"menu_order":0,"comment_status":"closed","ping_status":"closed","template":"","meta":{"ocean_post_layout":"","ocean_both_sidebars_style":"","ocean_both_sidebars_content_width":0,"ocean_both_sidebars_sidebars_width":0,"ocean_sidebar":"0","ocean_second_sidebar":"0","ocean_disable_margins":"enable","ocean_add_body_class":"","ocean_shortcode_before_top_bar":"","ocean_shortcode_after_top_bar":"","ocean_shortcode_before_header":"","ocean_shortcode_after_header":"","ocean_has_shortcode":"","ocean_shortcode_after_title":"","ocean_shortcode_before_footer_widgets":"","ocean_shortcode_after_footer_widgets":"","ocean_shortcode_before_footer_bottom":"","ocean_shortcode_after_footer_bottom":"","ocean_display_top_bar":"default","ocean_display_header":"default","ocean_header_style":"","ocean_center_header_left_menu":"0","ocean_custom_header_template":"0","ocean_custom_logo":0,"ocean_custom_retina_logo":0,"ocean_custom_logo_max_width":0,"ocean_custom_logo_tablet_max_width":0,"ocean_custom_logo_mobile_max_width":0,"ocean_custom_logo_max_height":0,"ocean_custom_logo_tablet_max_height":0,"ocean_custom_logo_mobile_max_height":0,"ocean_header_custom_menu":"0","ocean_menu_typo_font_family":"0","ocean_menu_typo_font_subset":"","ocean_menu_typo_font_size":0,"ocean_menu_typo_font_size_tablet":0,"ocean_menu_typo_font_size_mobile":0,"ocean_menu_typo_font_size_unit":"px","ocean_menu_typo_font_weight":"","ocean_menu_typo_font_weight_tablet":"","ocean_menu_typo_font_weight_mobile":"","ocean_menu_typo_transform":"","ocean_menu_typo_transform_tablet":"","ocean_menu_typo_transform_mobile":"","ocean_menu_typo_line_height":0,"ocean_menu_typo_line_height_tablet":0,"ocean_menu_typo_line_height_mobile":0,"ocean_menu_typo_line_height_unit":"","ocean_menu_typo_spacing":0,"ocean_menu_typo_spacing_tablet":0,"ocean_menu_typo_spacing_mobile":0,"ocean_menu_typo_spacing_unit":"","ocean_menu_link_color":"","ocean_menu_link_color_hover":"","ocean_menu_link_color_active":"","ocean_menu_link_background":"","ocean_menu_link_hover_background":"","ocean_menu_link_active_background":"","ocean_menu_social_links_bg":"","ocean_menu_social_hover_links_bg":"","ocean_menu_social_links_color":"","ocean_menu_social_hover_links_color":"","ocean_disable_title":"default","ocean_disable_heading":"default","ocean_post_title":"","ocean_post_subheading":"","ocean_post_title_style":"","ocean_post_title_background_color":"","ocean_post_title_background":0,"ocean_post_title_bg_image_position":"","ocean_post_title_bg_image_attachment":"","ocean_post_title_bg_image_repeat":"","ocean_post_title_bg_image_size":"","ocean_post_title_height":0,"ocean_post_title_bg_overlay":0.5,"ocean_post_title_bg_overlay_color":"","ocean_disable_breadcrumbs":"default","ocean_breadcrumbs_color":"","ocean_breadcrumbs_separator_color":"","ocean_breadcrumbs_links_color":"","ocean_breadcrumbs_links_hover_color":"","ocean_display_footer_widgets":"default","ocean_display_footer_bottom":"default","ocean_custom_footer_template":"0","footnotes":""},"class_list":["post-241","page","type-page","status-publish","hentry","entry"],"_links":{"self":[{"href":"https:\/\/jouninkauppa.com\/en\/wp-json\/wp\/v2\/pages\/241","targetHints":{"allow":["GET"]}}],"collection":[{"href":"https:\/\/jouninkauppa.com\/en\/wp-json\/wp\/v2\/pages"}],"about":[{"href":"https:\/\/jouninkauppa.com\/en\/wp-json\/wp\/v2\/types\/page"}],"author":[{"embeddable":true,"href":"https:\/\/jouninkauppa.com\/en\/wp-json\/wp\/v2\/users\/1"}],"replies":[{"embeddable":true,"href":"https:\/\/jouninkauppa.com\/en\/wp-json\/wp\/v2\/comments?post=241"}],"version-history":[{"count":32,"href":"https:\/\/jouninkauppa.com\/en\/wp-json\/wp\/v2\/pages\/241\/revisions"}],"predecessor-version":[{"id":3860,"href":"https:\/\/jouninkauppa.com\/en\/wp-json\/wp\/v2\/pages\/241\/revisions\/3860"}],"wp:attachment":[{"href":"https:\/\/jouninkauppa.com\/en\/wp-json\/wp\/v2\/media?parent=241"}],"curies":[{"name":"wp","href":"https:\/\/api.w.org\/{rel}","templated":true}]}}